{"id":106323,"date":"2025-03-20T15:15:02","date_gmt":"2025-03-20T14:15:02","guid":{"rendered":"https:\/\/new.metrum.com.pl\/?page_id=106323"},"modified":"2025-05-17T12:36:30","modified_gmt":"2025-05-17T10:36:30","slug":"zapytania-ofertowe","status":"publish","type":"page","link":"https:\/\/www.metrum.com.pl\/en\/projects-state-budget\/zapytania-ofertowe\/","title":{"rendered":"Zapytanie ofertowe ABM\/1\/2023"},"content":{"rendered":"<p>W zwi\u0105zku z realizacj\u0105 projektu badawczo-rozwojowego pt.<\/p>\n\n\n\n<p>\u201eDevelopment of an innovative device with a dedicated probe for intraoperative cryoanalgesia to implement a unique and effective pain management therapy for cardiothoracic surgery\u201d<\/p>\n\n\n\n<p>(nr Umowy: 2022\/ABM\/02\/00019-00),<\/p>\n\n\n\n<p>dla kt\u00f3rego Sp\u00f3\u0142ka otrzyma\u0142a od Agencji Bada\u0144 Medycznych dofinansowanie ze \u015brodk\u00f3w publicznych Bud\u017cetu Pa\u0144stwa w ramach \u201cKonkursu dla przedsi\u0119biorstw na finansowanie opracowania, oceny dzia\u0142ania, oceny klinicznej innowacyjnych wyrob\u00f3w medycznych\u201d oraz obowi\u0105zkiem dokonywania zakup\u00f3w w oparciu o najbardziej korzystn\u0105 ekonomicznie ofert\u0119, z zachowaniem zasad uczciwej konkurencji, efektywno\u015bci, jawno\u015bci i przejrzysto\u015bci, Metrum Cryoflex Sp. z o.o. sk\u0142ada zapytanie ofertowe dotycz\u0105ce \u201eUs\u0142ugi polegaj\u0105cej na opracowaniu i stworzeniu projektu wzorniczego i konstrukcyjnego r\u0119koje\u015bci do jednorazowych sond kriogenicznych, kt\u00f3re b\u0119d\u0105 poddawane sterylizacji tlenkiem etylenu\u201d, szczeg\u00f3\u0142owo opisanych w pkt. III niniejszego zapytania.<\/p>\n\n\n\n<p>Szczeg\u00f3\u0142y zapytania zawarte s\u0105 w za\u0142\u0105czniku \u201eZapytanie ofertowe r\u0119koje\u015b\u0107 08.03.2023\u201d<\/p>\n\n\n\n<p><strong>Za\u0142\u0105czniki:<\/strong><\/p>\n\n\n\n<p>1.\u00a0<a href=\"\/wp-content\/uploads\/2025\/03\/p3gsrd-Zapytanie-ofertowe-rekojesc-08.03.2023.pdf\" target=\"_blank\" rel=\"noreferrer noopener\">Zapytanie ofertowe r\u0119koje\u015b\u0107 08.03.2023 (pobierz)<\/a><br>2.\u00a0<a href=\"\/wp-content\/uploads\/2025\/03\/Zalacznik-nr-1-Formularz-ofertowy.docx\" target=\"_blank\" rel=\"noreferrer noopener\">Za\u0142\u0105cznik nr 1 \u2013 Formularz Ofertowy (pobierz)<\/a><br>3.\u00a0<a href=\"\/wp-content\/uploads\/2025\/03\/Zalacznik-nr-2-Oswiadczenia.docx\" target=\"_blank\" rel=\"noreferrer noopener\">Za\u0142\u0105cznik nr 2 \u2013 O\u015bwiadczenia (pobierz)<\/a><\/p>","protected":false},"excerpt":{"rendered":"<p>W zwi\u0105zku z realizacj\u0105 projektu badawczo-rozwojowego pt. \u201eDevelopment of an innovative device with a dedicated probe for intraoperative cryoanalgesia to implement a unique and effective pain management therapy for cardiothoracic surgery\u201d (nr Umowy: 2022\/ABM\/02\/00019-00), dla kt\u00f3rego Sp\u00f3\u0142ka otrzyma\u0142a od Agencji Bada\u0144 Medycznych dofinansowanie ze \u015brodk\u00f3w publicznych Bud\u017cetu Pa\u0144stwa w ramach \u201cKonkursu dla przedsi\u0119biorstw na finansowanie [&hellip;]<\/p>","protected":false},"author":1,"featured_media":0,"parent":106299,"menu_order":0,"comment_status":"closed","ping_status":"closed","template":"","meta":{"_acf_changed":false,"_seopress_robots_primary_cat":"","_seopress_titles_title":"","_seopress_titles_desc":"","_seopress_robots_index":"","inline_featured_image":false,"footnotes":""},"class_list":["post-106323","page","type-page","status-publish","hentry"],"acf":[],"_links":{"self":[{"href":"https:\/\/www.metrum.com.pl\/en\/wp-json\/wp\/v2\/pages\/106323","targetHints":{"allow":["GET"]}}],"collection":[{"href":"https:\/\/www.metrum.com.pl\/en\/wp-json\/wp\/v2\/pages"}],"about":[{"href":"https:\/\/www.metrum.com.pl\/en\/wp-json\/wp\/v2\/types\/page"}],"author":[{"embeddable":true,"href":"https:\/\/www.metrum.com.pl\/en\/wp-json\/wp\/v2\/users\/1"}],"replies":[{"embeddable":true,"href":"https:\/\/www.metrum.com.pl\/en\/wp-json\/wp\/v2\/comments?post=106323"}],"version-history":[{"count":7,"href":"https:\/\/www.metrum.com.pl\/en\/wp-json\/wp\/v2\/pages\/106323\/revisions"}],"predecessor-version":[{"id":106613,"href":"https:\/\/www.metrum.com.pl\/en\/wp-json\/wp\/v2\/pages\/106323\/revisions\/106613"}],"up":[{"embeddable":true,"href":"https:\/\/www.metrum.com.pl\/en\/wp-json\/wp\/v2\/pages\/106299"}],"wp:attachment":[{"href":"https:\/\/www.metrum.com.pl\/en\/wp-json\/wp\/v2\/media?parent=106323"}],"curies":[{"name":"wp","href":"https:\/\/api.w.org\/{rel}","templated":true}]}}