{"id":107233,"date":"2026-03-27T05:19:46","date_gmt":"2026-03-27T04:19:46","guid":{"rendered":"https:\/\/www.metrum.com.pl\/?page_id=107233"},"modified":"2026-04-03T06:32:31","modified_gmt":"2026-04-03T04:32:31","slug":"profilaktyka-oraz-redukcja-bolu-po-operacjach-kardio-torakochirurgicznych","status":"publish","type":"page","link":"https:\/\/www.metrum.com.pl\/en\/medical-products\/cryoanalgesia\/cryo-s-painless-for-cryoanalgesia-in-postoperative-pain\/profilaktyka-oraz-redukcja-bolu-po-operacjach-kardio-torakochirurgicznych\/","title":{"rendered":"Profilaktyka oraz redukcja b\u00f3lu po operacjach kardio-torakochirurgicznych"},"content":{"rendered":"","protected":false},"excerpt":{"rendered":"","protected":false},"author":1,"featured_media":0,"parent":91,"menu_order":0,"comment_status":"closed","ping_status":"closed","template":"","meta":{"_acf_changed":false,"_seopress_robots_primary_cat":"","_seopress_titles_title":"Krioanalgezja Pectus","_seopress_titles_desc":"CRYO-S Painless to innowacyjne urz\u0105dzenie do krioanalgezji \u015br\u00f3doperacyjnej i przezsk\u00f3rnej, skutecznie redukuj\u0105ce b\u00f3l bez potrzeby silnych lek\u00f3w przeciwb\u00f3lowych.","_seopress_robots_index":"","inline_featured_image":false,"footnotes":""},"class_list":["post-107233","page","type-page","status-publish","hentry"],"acf":[],"_links":{"self":[{"href":"https:\/\/www.metrum.com.pl\/en\/wp-json\/wp\/v2\/pages\/107233","targetHints":{"allow":["GET"]}}],"collection":[{"href":"https:\/\/www.metrum.com.pl\/en\/wp-json\/wp\/v2\/pages"}],"about":[{"href":"https:\/\/www.metrum.com.pl\/en\/wp-json\/wp\/v2\/types\/page"}],"author":[{"embeddable":true,"href":"https:\/\/www.metrum.com.pl\/en\/wp-json\/wp\/v2\/users\/1"}],"replies":[{"embeddable":true,"href":"https:\/\/www.metrum.com.pl\/en\/wp-json\/wp\/v2\/comments?post=107233"}],"version-history":[{"count":1,"href":"https:\/\/www.metrum.com.pl\/en\/wp-json\/wp\/v2\/pages\/107233\/revisions"}],"predecessor-version":[{"id":107234,"href":"https:\/\/www.metrum.com.pl\/en\/wp-json\/wp\/v2\/pages\/107233\/revisions\/107234"}],"up":[{"embeddable":true,"href":"https:\/\/www.metrum.com.pl\/en\/wp-json\/wp\/v2\/pages\/91"}],"wp:attachment":[{"href":"https:\/\/www.metrum.com.pl\/en\/wp-json\/wp\/v2\/media?parent=107233"}],"curies":[{"name":"wp","href":"https:\/\/api.w.org\/{rel}","templated":true}]}}