{"id":264,"date":"2025-01-28T09:37:20","date_gmt":"2025-01-28T08:37:20","guid":{"rendered":"https:\/\/new.metrum.com.pl\/krioanalgezja-copy-2\/"},"modified":"2026-01-12T07:32:48","modified_gmt":"2026-01-12T06:32:48","slug":"training-and-conferences","status":"publish","type":"page","link":"https:\/\/www.metrum.com.pl\/en\/training-and-conferences\/","title":{"rendered":"Training and Conferences"},"content":{"rendered":"","protected":false},"excerpt":{"rendered":"","protected":false},"author":1,"featured_media":0,"parent":0,"menu_order":0,"comment_status":"closed","ping_status":"closed","template":"","meta":{"_acf_changed":false,"_seopress_robots_primary_cat":"","_seopress_titles_title":"Szkolenia i Konferencje Medyczne - Metrum Cryoflex","_seopress_titles_desc":"Do\u0142\u0105cz do naszych szkole\u0144 z obs\u0142ugi urz\u0105dze\u0144 Cryoflex i konferencji medycznych, aby rozwija\u0107 swoj\u0105 wiedz\u0119 i umiej\u0119tno\u015bci w medycynie. Wsp\u00f3lnie kszta\u0142tujemy przysz\u0142o\u015b\u0107 opieki zdrowotnej.","_seopress_robots_index":"","inline_featured_image":false,"footnotes":""},"class_list":["post-264","page","type-page","status-publish","hentry"],"acf":[],"_links":{"self":[{"href":"https:\/\/www.metrum.com.pl\/en\/wp-json\/wp\/v2\/pages\/264","targetHints":{"allow":["GET"]}}],"collection":[{"href":"https:\/\/www.metrum.com.pl\/en\/wp-json\/wp\/v2\/pages"}],"about":[{"href":"https:\/\/www.metrum.com.pl\/en\/wp-json\/wp\/v2\/types\/page"}],"author":[{"embeddable":true,"href":"https:\/\/www.metrum.com.pl\/en\/wp-json\/wp\/v2\/users\/1"}],"replies":[{"embeddable":true,"href":"https:\/\/www.metrum.com.pl\/en\/wp-json\/wp\/v2\/comments?post=264"}],"version-history":[{"count":1,"href":"https:\/\/www.metrum.com.pl\/en\/wp-json\/wp\/v2\/pages\/264\/revisions"}],"predecessor-version":[{"id":106223,"href":"https:\/\/www.metrum.com.pl\/en\/wp-json\/wp\/v2\/pages\/264\/revisions\/106223"}],"wp:attachment":[{"href":"https:\/\/www.metrum.com.pl\/en\/wp-json\/wp\/v2\/media?parent=264"}],"curies":[{"name":"wp","href":"https:\/\/api.w.org\/{rel}","templated":true}]}}