{"id":386,"date":"2025-01-04T05:41:48","date_gmt":"2025-01-04T04:41:48","guid":{"rendered":"https:\/\/new.metrum.com.pl\/drlux-copy\/"},"modified":"2025-03-20T13:09:04","modified_gmt":"2025-03-20T12:09:04","slug":"cryo-t-vital","status":"publish","type":"page","link":"https:\/\/www.metrum.com.pl\/en\/medical-products\/physiotherapy\/cryo-t-vital\/","title":{"rendered":"CRYO-T Vital"},"content":{"rendered":"","protected":false},"excerpt":{"rendered":"","protected":false},"author":1,"featured_media":0,"parent":260,"menu_order":0,"comment_status":"closed","ping_status":"closed","template":"","meta":{"_acf_changed":false,"_seopress_robots_primary_cat":"","_seopress_titles_title":"CRYO-T Vital ekonomiczny aparat do krioterapii miejscowej - Metrum Cryoflex","_seopress_titles_desc":"Cryo-T Vital to nowoczesne urz\u0105dzenie do krioterapii miejscowej, \u0142\u0105cz\u0105ce innowacyjne technologie z prost\u0105 obs\u0142ug\u0105. Idealne do SPA i gabinet\u00f3w rehabilitacyjnych.","_seopress_robots_index":"","inline_featured_image":false,"footnotes":""},"class_list":["post-386","page","type-page","status-publish","hentry"],"acf":[],"_links":{"self":[{"href":"https:\/\/www.metrum.com.pl\/en\/wp-json\/wp\/v2\/pages\/386","targetHints":{"allow":["GET"]}}],"collection":[{"href":"https:\/\/www.metrum.com.pl\/en\/wp-json\/wp\/v2\/pages"}],"about":[{"href":"https:\/\/www.metrum.com.pl\/en\/wp-json\/wp\/v2\/types\/page"}],"author":[{"embeddable":true,"href":"https:\/\/www.metrum.com.pl\/en\/wp-json\/wp\/v2\/users\/1"}],"replies":[{"embeddable":true,"href":"https:\/\/www.metrum.com.pl\/en\/wp-json\/wp\/v2\/comments?post=386"}],"version-history":[{"count":1,"href":"https:\/\/www.metrum.com.pl\/en\/wp-json\/wp\/v2\/pages\/386\/revisions"}],"predecessor-version":[{"id":106315,"href":"https:\/\/www.metrum.com.pl\/en\/wp-json\/wp\/v2\/pages\/386\/revisions\/106315"}],"up":[{"embeddable":true,"href":"https:\/\/www.metrum.com.pl\/en\/wp-json\/wp\/v2\/pages\/260"}],"wp:attachment":[{"href":"https:\/\/www.metrum.com.pl\/en\/wp-json\/wp\/v2\/media?parent=386"}],"curies":[{"name":"wp","href":"https:\/\/api.w.org\/{rel}","templated":true}]}}