{"id":446,"date":"2025-01-06T10:20:39","date_gmt":"2025-01-06T09:20:39","guid":{"rendered":"https:\/\/new.metrum.com.pl\/cryo-s-painless-do-krioanalgezji-w-bolu-pooperacyjnym-copy\/"},"modified":"2025-03-28T10:41:35","modified_gmt":"2025-03-28T09:41:35","slug":"q-master-plus","status":"publish","type":"page","link":"https:\/\/www.metrum.com.pl\/en\/medical-products\/aesthetic-medicine-lasers-and-physical-devices\/q-master-plus\/","title":{"rendered":"Q-MASTER Plus"},"content":{"rendered":"","protected":false},"excerpt":{"rendered":"","protected":false},"author":1,"featured_media":0,"parent":460,"menu_order":0,"comment_status":"closed","ping_status":"closed","template":"","meta":{"_acf_changed":false,"_seopress_robots_primary_cat":"","_seopress_titles_title":"Q-MASTER Plus Laser dla medycyny estetycznej - Metrum Cryoflex","_seopress_titles_desc":"Q-MASTER Plus to wszechstronny laser z 6 d\u0142ugo\u015bciami fali i 31 programami zabiegowymi. Idealny do depilacji, usuwania tatua\u017cy, przebarwie\u0144, zamykania naczy\u0144.","_seopress_robots_index":"","inline_featured_image":false,"footnotes":""},"class_list":["post-446","page","type-page","status-publish","hentry"],"acf":[],"_links":{"self":[{"href":"https:\/\/www.metrum.com.pl\/en\/wp-json\/wp\/v2\/pages\/446","targetHints":{"allow":["GET"]}}],"collection":[{"href":"https:\/\/www.metrum.com.pl\/en\/wp-json\/wp\/v2\/pages"}],"about":[{"href":"https:\/\/www.metrum.com.pl\/en\/wp-json\/wp\/v2\/types\/page"}],"author":[{"embeddable":true,"href":"https:\/\/www.metrum.com.pl\/en\/wp-json\/wp\/v2\/users\/1"}],"replies":[{"embeddable":true,"href":"https:\/\/www.metrum.com.pl\/en\/wp-json\/wp\/v2\/comments?post=446"}],"version-history":[{"count":1,"href":"https:\/\/www.metrum.com.pl\/en\/wp-json\/wp\/v2\/pages\/446\/revisions"}],"predecessor-version":[{"id":106448,"href":"https:\/\/www.metrum.com.pl\/en\/wp-json\/wp\/v2\/pages\/446\/revisions\/106448"}],"up":[{"embeddable":true,"href":"https:\/\/www.metrum.com.pl\/en\/wp-json\/wp\/v2\/pages\/460"}],"wp:attachment":[{"href":"https:\/\/www.metrum.com.pl\/en\/wp-json\/wp\/v2\/media?parent=446"}],"curies":[{"name":"wp","href":"https:\/\/api.w.org\/{rel}","templated":true}]}}