{"id":493,"date":"2025-02-07T06:29:12","date_gmt":"2025-02-07T05:29:12","guid":{"rendered":"https:\/\/new.metrum.com.pl\/cryo-s-painless-do-krioanalgezji-w-bolu-pooperacyjnym-copy\/"},"modified":"2025-02-12T15:30:17","modified_gmt":"2025-02-12T14:30:17","slug":"macuray","status":"publish","type":"page","link":"https:\/\/www.metrum.com.pl\/en\/medical-products\/supporting-devices\/macuray\/","title":{"rendered":"Macuray"},"content":{"rendered":"","protected":false},"excerpt":{"rendered":"","protected":false},"author":1,"featured_media":0,"parent":463,"menu_order":0,"comment_status":"closed","ping_status":"closed","template":"","meta":{"_acf_changed":false,"_seopress_robots_primary_cat":"","_seopress_titles_title":"Macuray 2w1 Ewakuator Dym\u00f3w Zabiegowych i Ch\u0142odziarka - Metrum Cryoflex","_seopress_titles_desc":"Macuray 2w1 to urz\u0105dzenie \u0142\u0105cz\u0105ce ewakuator dym\u00f3w zabiegowych i system ch\u0142odzenia. Poch\u0142ania dym, zapachy i cz\u0105stki sta\u0142e, jednocze\u015bnie ch\u0142odz\u0105c sk\u00f3r\u0119.","_seopress_robots_index":"","inline_featured_image":false,"footnotes":""},"class_list":["post-493","page","type-page","status-publish","hentry"],"acf":[],"_links":{"self":[{"href":"https:\/\/www.metrum.com.pl\/en\/wp-json\/wp\/v2\/pages\/493","targetHints":{"allow":["GET"]}}],"collection":[{"href":"https:\/\/www.metrum.com.pl\/en\/wp-json\/wp\/v2\/pages"}],"about":[{"href":"https:\/\/www.metrum.com.pl\/en\/wp-json\/wp\/v2\/types\/page"}],"author":[{"embeddable":true,"href":"https:\/\/www.metrum.com.pl\/en\/wp-json\/wp\/v2\/users\/1"}],"replies":[{"embeddable":true,"href":"https:\/\/www.metrum.com.pl\/en\/wp-json\/wp\/v2\/comments?post=493"}],"version-history":[{"count":0,"href":"https:\/\/www.metrum.com.pl\/en\/wp-json\/wp\/v2\/pages\/493\/revisions"}],"up":[{"embeddable":true,"href":"https:\/\/www.metrum.com.pl\/en\/wp-json\/wp\/v2\/pages\/463"}],"wp:attachment":[{"href":"https:\/\/www.metrum.com.pl\/en\/wp-json\/wp\/v2\/media?parent=493"}],"curies":[{"name":"wp","href":"https:\/\/api.w.org\/{rel}","templated":true}]}}