{"id":579,"date":"2025-01-10T05:33:34","date_gmt":"2025-01-10T04:33:34","guid":{"rendered":"https:\/\/new.metrum.com.pl\/lasery-do-medycyny-estetycznej-i-urzadzenia-fizykalne\/bioxel-medycyna-estetyczna-copy\/"},"modified":"2025-02-11T01:36:26","modified_gmt":"2025-02-11T00:36:26","slug":"solray","status":"publish","type":"page","link":"https:\/\/www.metrum.com.pl\/en\/medical-products\/aesthetic-medicine-lasers-and-physical-devices\/solray\/","title":{"rendered":"SOLRAY"},"content":{"rendered":"","protected":false},"excerpt":{"rendered":"","protected":false},"author":1,"featured_media":0,"parent":460,"menu_order":0,"comment_status":"closed","ping_status":"closed","template":"","meta":{"_acf_changed":false,"_seopress_robots_primary_cat":"","_seopress_titles_title":"SOLRAY Laser FPL z 7 d\u0142ugo\u015bciami fal - Metrum Cryoflex","_seopress_titles_desc":"SOLRAY to laser FPL z 7 d\u0142ugo\u015bciami fal, idealne do usuwania zmian pigmentacyjnych, depilacji i fotoodm\u0142adzania, minimalizuj\u0105ce b\u00f3l dzi\u0119ki frakcjonowaniu i szafirowemu ch\u0142odzeniu.","_seopress_robots_index":"","inline_featured_image":false,"footnotes":""},"class_list":["post-579","page","type-page","status-publish","hentry"],"acf":[],"_links":{"self":[{"href":"https:\/\/www.metrum.com.pl\/en\/wp-json\/wp\/v2\/pages\/579","targetHints":{"allow":["GET"]}}],"collection":[{"href":"https:\/\/www.metrum.com.pl\/en\/wp-json\/wp\/v2\/pages"}],"about":[{"href":"https:\/\/www.metrum.com.pl\/en\/wp-json\/wp\/v2\/types\/page"}],"author":[{"embeddable":true,"href":"https:\/\/www.metrum.com.pl\/en\/wp-json\/wp\/v2\/users\/1"}],"replies":[{"embeddable":true,"href":"https:\/\/www.metrum.com.pl\/en\/wp-json\/wp\/v2\/comments?post=579"}],"version-history":[{"count":0,"href":"https:\/\/www.metrum.com.pl\/en\/wp-json\/wp\/v2\/pages\/579\/revisions"}],"up":[{"embeddable":true,"href":"https:\/\/www.metrum.com.pl\/en\/wp-json\/wp\/v2\/pages\/460"}],"wp:attachment":[{"href":"https:\/\/www.metrum.com.pl\/en\/wp-json\/wp\/v2\/media?parent=579"}],"curies":[{"name":"wp","href":"https:\/\/api.w.org\/{rel}","templated":true}]}}