{"id":607,"date":"2025-02-08T07:14:38","date_gmt":"2025-02-08T06:14:38","guid":{"rendered":"https:\/\/new.metrum.com.pl\/urzadzenia-wspierajace\/projekcyjny-skaner-zylny-v800p-copy\/"},"modified":"2025-02-11T01:37:12","modified_gmt":"2025-02-11T00:37:12","slug":"ev-1000-treatment-smoke-evacuator","status":"publish","type":"page","link":"https:\/\/www.metrum.com.pl\/en\/medical-products\/supporting-devices\/ev-1000-treatment-smoke-evacuator\/","title":{"rendered":"EV-1000 \u2013 treatment smoke extractor"},"content":{"rendered":"","protected":false},"excerpt":{"rendered":"","protected":false},"author":1,"featured_media":0,"parent":463,"menu_order":0,"comment_status":"closed","ping_status":"closed","template":"","meta":{"_acf_changed":false,"_seopress_robots_primary_cat":"","_seopress_titles_title":"EV-1000 \u2013 ewakuator dymu zabiegowego - Metrum Cryoflex","_seopress_titles_desc":"EV-1000 to wydajny ewakuator dymu zabiegowego, zapewniaj\u0105cy skuteczne usuwanie i filtracj\u0119 dymu powsta\u0142ego podczas zabieg\u00f3w laserowych i elektrochirurgicznych.","_seopress_robots_index":"","inline_featured_image":false,"footnotes":""},"class_list":["post-607","page","type-page","status-publish","hentry"],"acf":[],"_links":{"self":[{"href":"https:\/\/www.metrum.com.pl\/en\/wp-json\/wp\/v2\/pages\/607","targetHints":{"allow":["GET"]}}],"collection":[{"href":"https:\/\/www.metrum.com.pl\/en\/wp-json\/wp\/v2\/pages"}],"about":[{"href":"https:\/\/www.metrum.com.pl\/en\/wp-json\/wp\/v2\/types\/page"}],"author":[{"embeddable":true,"href":"https:\/\/www.metrum.com.pl\/en\/wp-json\/wp\/v2\/users\/1"}],"replies":[{"embeddable":true,"href":"https:\/\/www.metrum.com.pl\/en\/wp-json\/wp\/v2\/comments?post=607"}],"version-history":[{"count":0,"href":"https:\/\/www.metrum.com.pl\/en\/wp-json\/wp\/v2\/pages\/607\/revisions"}],"up":[{"embeddable":true,"href":"https:\/\/www.metrum.com.pl\/en\/wp-json\/wp\/v2\/pages\/463"}],"wp:attachment":[{"href":"https:\/\/www.metrum.com.pl\/en\/wp-json\/wp\/v2\/media?parent=607"}],"curies":[{"name":"wp","href":"https:\/\/api.w.org\/{rel}","templated":true}]}}