{"id":91,"date":"2024-12-11T03:11:48","date_gmt":"2024-12-11T02:11:48","guid":{"rendered":"https:\/\/new.metrum.com.pl\/?page_id=91"},"modified":"2025-07-29T14:29:45","modified_gmt":"2025-07-29T12:29:45","slug":"cryo-s-painless-for-cryoanalgesia-in-postoperative-pain","status":"publish","type":"page","link":"https:\/\/www.metrum.com.pl\/en\/medical-products\/cryoanalgesia\/cryo-s-painless-for-cryoanalgesia-in-postoperative-pain\/","title":{"rendered":"CRYO-S Painless for Cryoanalgesia in Postoperative Pain"},"content":{"rendered":"","protected":false},"excerpt":{"rendered":"","protected":false},"author":1,"featured_media":0,"parent":125,"menu_order":0,"comment_status":"closed","ping_status":"closed","template":"","meta":{"_acf_changed":false,"_seopress_robots_primary_cat":"","_seopress_titles_title":"CRYO-S Painless do krioanalgezji w b\u00f3lu pooperacyjnym","_seopress_titles_desc":"CRYO-S Painless to innowacyjne urz\u0105dzenie do krioanalgezji \u015br\u00f3doperacyjnej i przezsk\u00f3rnej, skutecznie redukuj\u0105ce b\u00f3l bez potrzeby silnych lek\u00f3w przeciwb\u00f3lowych.","_seopress_robots_index":"","inline_featured_image":false,"footnotes":""},"class_list":["post-91","page","type-page","status-publish","hentry"],"acf":[],"_links":{"self":[{"href":"https:\/\/www.metrum.com.pl\/en\/wp-json\/wp\/v2\/pages\/91","targetHints":{"allow":["GET"]}}],"collection":[{"href":"https:\/\/www.metrum.com.pl\/en\/wp-json\/wp\/v2\/pages"}],"about":[{"href":"https:\/\/www.metrum.com.pl\/en\/wp-json\/wp\/v2\/types\/page"}],"author":[{"embeddable":true,"href":"https:\/\/www.metrum.com.pl\/en\/wp-json\/wp\/v2\/users\/1"}],"replies":[{"embeddable":true,"href":"https:\/\/www.metrum.com.pl\/en\/wp-json\/wp\/v2\/comments?post=91"}],"version-history":[{"count":1,"href":"https:\/\/www.metrum.com.pl\/en\/wp-json\/wp\/v2\/pages\/91\/revisions"}],"predecessor-version":[{"id":106321,"href":"https:\/\/www.metrum.com.pl\/en\/wp-json\/wp\/v2\/pages\/91\/revisions\/106321"}],"up":[{"embeddable":true,"href":"https:\/\/www.metrum.com.pl\/en\/wp-json\/wp\/v2\/pages\/125"}],"wp:attachment":[{"href":"https:\/\/www.metrum.com.pl\/en\/wp-json\/wp\/v2\/media?parent=91"}],"curies":[{"name":"wp","href":"https:\/\/api.w.org\/{rel}","templated":true}]}}