{"id":106636,"date":"2025-05-17T13:27:03","date_gmt":"2025-05-17T11:27:03","guid":{"rendered":"https:\/\/www.metrum.com.pl\/?page_id=106636"},"modified":"2025-05-17T13:32:21","modified_gmt":"2025-05-17T11:32:21","slug":"informacja-o-wyniku-wyboru-oferty-z-postepowania-o-udzielenie-zamowienia-na-realizacje-dotyczy-zapytania-ofertowego-nr-abm-1-2024-z-dnia-12-01-2024r","status":"publish","type":"page","link":"https:\/\/www.metrum.com.pl\/es\/proyectos-pl\/informacja-o-wyniku-wyboru-oferty-z-postepowania-o-udzielenie-zamowienia-na-realizacje-dotyczy-zapytania-ofertowego-nr-abm-1-2024-z-dnia-12-01-2024r\/","title":{"rendered":"Informacja o wyniku wyboru oferty z post\u0119powania o udzielenie zam\u00f3wienia na realizacj\u0119. Dotyczy zapytania ofertowego nr ABM\/1\/2024 z dnia 12.01.2024r."},"content":{"rendered":"<p><strong>z post\u0119powania o udzielenie zam\u00f3wienia na<\/strong><\/p>\n\n\n\n<p><strong>Informacja o wyniku wyboru oferty z post\u0119powania o udzielenie zam\u00f3wienia na realizacj\u0119. Dotyczy zapytania ofertowego nr ABM\/1\/2024 z dnia 12.01.2024r.<\/strong><\/p>\n\n\n\n<p><\/p>\n\n\n\n<p><strong>Blizne \u0141aszczy\u0144skiego, 02.02.2024r.<\/strong><\/p>\n\n\n\n<p><strong>DOTYCZY ZAPYTANIA OFERTOWEGO NR ABM\/1\/2024 Z DNIA 12.01.2024R.<\/strong><\/p>\n\n\n\n<p><strong>INFORMACJA O WYNIKU WYBORU OFERTY&nbsp;<\/strong><strong>z post\u0119powania o udzielenie zam\u00f3wienia na<\/strong><\/p>\n\n\n\n<p><strong>\u201eUs\u0142ugi polegaj\u0105cej na zbudowaniu prototypowych stanowisk do automatyzacji operacji produkcyjnych na podstawie analizy konstrukcji sondy pod k\u0105tem automatyzacji procesu jej wytwarzania\u201d<\/strong><\/p>\n\n\n\n<p>Informujemy, \u017ce w zwi\u0105zku z realizacj\u0105 projektu pt.: \u201e<em>Development of an innovative device with a dedicated probe for intraoperative cryoanalgesia to implement a unique and effective pain management therapy for cardiothoracic surgery<\/em>\u201d<br>(nr. projektu&nbsp;<strong>2022\/ABM\/02\/00019-00<\/strong>), dla kt\u00f3rego Sp\u00f3\u0142ka otrzyma\u0142a od Agencji Bada\u0144 Medycznych dofinansowanie ze \u015brodk\u00f3w publicznych Bud\u017cetu Pa\u0144stwa oraz&nbsp;obowi\u0105zkiem dokonywania zakup\u00f3w w oparciu o najbardziej korzystn\u0105 ekonomicznie ofert\u0119, z zachowaniem zasad uczciwej konkurencji, efektywno\u015bci, jawno\u015bci i przejrzysto\u015bci, Metrum Cryoflex Sp. z o.o. zako\u0144czy\u0142a post\u0119powanie dotycz\u0105ce zakupu \u201e<em>Us\u0142ugi polegaj\u0105cej na zbudowaniu prototypowych stanowisk do automatyzacji operacji produkcyjnych na podstawie analizy konstrukcji sondy pod k\u0105tem automatyzacji procesu jej wytwarzania\u201d<\/em><\/p>\n\n\n\n<p>Informujemy, \u017ce w oparciu o ustalone kryteria NAJWY\u017bSZ\u0104 LICZB\u0118 PUNKT\u00d3W OTRZYMA\u0141A OFERTA:<\/p>\n\n\n\n<p><strong>APISystems Sp. z o.o.&nbsp;<\/strong><\/p>\n\n\n\n<p>Polanki 12,<\/p>\n\n\n\n<p>80-308 Gda\u0144sk<\/p>\n\n\n\n<p><strong>750 000,00 PLN<\/strong><\/p>\n\n\n\n<p>Wybrana oferta wp\u0142yn\u0119\u0142a do Metrum Cryoflex Sp. z o.o. w wyznaczonym terminie, zawiera\u0142a wymagane w zapytaniu dokumenty i nie zawiera\u0142a wad formalnych warunkuj\u0105cych dopuszczenie do post\u0119powania.<\/p>\n\n\n\n<p>Z powa\u017caniem<\/p>\n\n\n\n<p>Zesp\u00f3\u0142 Metrum Cryoflex Sp. z o.o.<\/p>\n\n\n\n<p><\/p>\n\n\n\n<p><a href=\"https:\/\/www.metrum.com.pl\/wp-content\/uploads\/2024\/02\/Informacja-o-wynikach.pdf\">Pobierz plik<\/a><\/p>\n\n\n\n<p><\/p>","protected":false},"excerpt":{"rendered":"<p>z post\u0119powania o udzielenie zam\u00f3wienia na Informacja o wyniku wyboru oferty z post\u0119powania o udzielenie zam\u00f3wienia na realizacj\u0119. Dotyczy zapytania ofertowego nr ABM\/1\/2024 z dnia 12.01.2024r. Blizne \u0141aszczy\u0144skiego, 02.02.2024r. DOTYCZY ZAPYTANIA OFERTOWEGO NR ABM\/1\/2024 Z DNIA 12.01.2024R. INFORMACJA O WYNIKU WYBORU OFERTY&nbsp;z post\u0119powania o udzielenie zam\u00f3wienia na \u201eUs\u0142ugi polegaj\u0105cej na zbudowaniu prototypowych stanowisk do automatyzacji [&hellip;]<\/p>","protected":false},"author":1,"featured_media":0,"parent":106299,"menu_order":0,"comment_status":"closed","ping_status":"closed","template":"","meta":{"_acf_changed":false,"_seopress_robots_primary_cat":"","_seopress_titles_title":"","_seopress_titles_desc":"","_seopress_robots_index":"","inline_featured_image":false,"footnotes":""},"class_list":["post-106636","page","type-page","status-publish","hentry"],"acf":[],"_links":{"self":[{"href":"https:\/\/www.metrum.com.pl\/es\/wp-json\/wp\/v2\/pages\/106636","targetHints":{"allow":["GET"]}}],"collection":[{"href":"https:\/\/www.metrum.com.pl\/es\/wp-json\/wp\/v2\/pages"}],"about":[{"href":"https:\/\/www.metrum.com.pl\/es\/wp-json\/wp\/v2\/types\/page"}],"author":[{"embeddable":true,"href":"https:\/\/www.metrum.com.pl\/es\/wp-json\/wp\/v2\/users\/1"}],"replies":[{"embeddable":true,"href":"https:\/\/www.metrum.com.pl\/es\/wp-json\/wp\/v2\/comments?post=106636"}],"version-history":[{"count":1,"href":"https:\/\/www.metrum.com.pl\/es\/wp-json\/wp\/v2\/pages\/106636\/revisions"}],"predecessor-version":[{"id":106638,"href":"https:\/\/www.metrum.com.pl\/es\/wp-json\/wp\/v2\/pages\/106636\/revisions\/106638"}],"up":[{"embeddable":true,"href":"https:\/\/www.metrum.com.pl\/es\/wp-json\/wp\/v2\/pages\/106299"}],"wp:attachment":[{"href":"https:\/\/www.metrum.com.pl\/es\/wp-json\/wp\/v2\/media?parent=106636"}],"curies":[{"name":"wp","href":"https:\/\/api.w.org\/{rel}","templated":true}]}}