{"id":106660,"date":"2025-05-19T11:41:33","date_gmt":"2025-05-19T09:41:33","guid":{"rendered":"https:\/\/www.metrum.com.pl\/?page_id=106660"},"modified":"2025-05-19T11:46:03","modified_gmt":"2025-05-19T09:46:03","slug":"zapytanie-ofertowe-abm-5-2024","status":"publish","type":"page","link":"https:\/\/www.metrum.com.pl\/es\/proyectos-pl\/zapytanie-ofertowe-abm-5-2024\/","title":{"rendered":"Zapytanie ofertowe ABM\/5\/2024"},"content":{"rendered":"<p>W zwi\u0105zku z realizacj\u0105 projektu badawczo-rozwojowego<\/p>\n\n\n\n<p>pt. \u201eDevelopment of an innovative device with a dedicated probe for intraoperative cryoanalgesia to implement a unique and effective pain management therapy for cardiothoracic surgery\u201d<\/p>\n\n\n\n<p>(nr Umowy:&nbsp;<strong>2022\/ABM\/02\/00019-00<\/strong>),<\/p>\n\n\n\n<p>dla kt\u00f3rego Sp\u00f3\u0142ka otrzyma\u0142a od Agencji Bada\u0144 Medycznych dofinansowanie ze \u015brodk\u00f3w publicznych Bud\u017cetu Pa\u0144stwa w ramach \u201cKonkursu dla przedsi\u0119biorstw na finansowanie opracowania, oceny dzia\u0142ania, oceny klinicznej innowacyjnych wyrob\u00f3w medycznych\u201d oraz obowi\u0105zkiem dokonywania zakup\u00f3w w oparciu o najbardziej korzystn\u0105 ekonomicznie ofert\u0119, z zachowaniem zasad uczciwej konkurencji, efektywno\u015bci, jawno\u015bci i przejrzysto\u015bci, Metrum Cryoflex Sp. z o.o.<strong>sk\u0142ada zapytanie ofertowe dotycz\u0105ce \u201eUs\u0142ugi zaprojektowania obudowy do urz\u0105dzenia medycznego wraz z w\u00f3zkiem zgodnie z lini\u0105 wzornicz\u0105 firmy oraz wykonanie prototyp\u00f3w funkcjonalnych\u201d, szczeg\u00f3\u0142owo opisanych w pkt. III niniejszego zapytania.<\/strong><\/p>\n\n\n\n<p><strong>Szczeg\u00f3\u0142y zapytania zawarte s\u0105 w za\u0142\u0105czniku \u201eZapytanie ofertowe obudowa z w\u00f3zkiem\u201d<\/strong><\/p>\n\n\n\n<p>Za\u0142\u0105czniki:<\/p>\n\n\n\n<p>1.\u00a0<a href=\"https:\/\/www.metrum.com.pl\/wp-content\/uploads\/2025\/05\/Zapytanie-ofertowe-obudowa-z-wozkiem.pdf\">Zapytanie ofertowe - obudowa z w\u00f3zkiem (plik pdf)<\/a><\/p>\n\n\n\n<p>2.\u00a0<a href=\"https:\/\/www.metrum.com.pl\/wp-content\/uploads\/2025\/05\/Zalacznik-nr-1-Formularz-ofertowy-2-1.docx\">Formularz ofertowy (plik docx)<\/a><\/p>\n\n\n\n<p>3.\u00a0<a href=\"https:\/\/www.metrum.com.pl\/wp-content\/uploads\/2025\/05\/Zalacznik-nr-2-Oswiadczenia-2-1.docx\">O\u015bwiadczenia (plik docx)<\/a><\/p>","protected":false},"excerpt":{"rendered":"<p>W zwi\u0105zku z realizacj\u0105 projektu badawczo-rozwojowego pt. \u201eDevelopment of an innovative device with a dedicated probe for intraoperative cryoanalgesia to implement a unique and effective pain management therapy for cardiothoracic surgery\u201d (nr Umowy:&nbsp;2022\/ABM\/02\/00019-00), dla kt\u00f3rego Sp\u00f3\u0142ka otrzyma\u0142a od Agencji Bada\u0144 Medycznych dofinansowanie ze \u015brodk\u00f3w publicznych Bud\u017cetu Pa\u0144stwa w ramach \u201cKonkursu dla przedsi\u0119biorstw na finansowanie opracowania, [&hellip;]<\/p>","protected":false},"author":1,"featured_media":0,"parent":106299,"menu_order":0,"comment_status":"closed","ping_status":"closed","template":"","meta":{"_acf_changed":false,"_seopress_robots_primary_cat":"","_seopress_titles_title":"","_seopress_titles_desc":"","_seopress_robots_index":"","inline_featured_image":false,"footnotes":""},"class_list":["post-106660","page","type-page","status-publish","hentry"],"acf":[],"_links":{"self":[{"href":"https:\/\/www.metrum.com.pl\/es\/wp-json\/wp\/v2\/pages\/106660","targetHints":{"allow":["GET"]}}],"collection":[{"href":"https:\/\/www.metrum.com.pl\/es\/wp-json\/wp\/v2\/pages"}],"about":[{"href":"https:\/\/www.metrum.com.pl\/es\/wp-json\/wp\/v2\/types\/page"}],"author":[{"embeddable":true,"href":"https:\/\/www.metrum.com.pl\/es\/wp-json\/wp\/v2\/users\/1"}],"replies":[{"embeddable":true,"href":"https:\/\/www.metrum.com.pl\/es\/wp-json\/wp\/v2\/comments?post=106660"}],"version-history":[{"count":1,"href":"https:\/\/www.metrum.com.pl\/es\/wp-json\/wp\/v2\/pages\/106660\/revisions"}],"predecessor-version":[{"id":106664,"href":"https:\/\/www.metrum.com.pl\/es\/wp-json\/wp\/v2\/pages\/106660\/revisions\/106664"}],"up":[{"embeddable":true,"href":"https:\/\/www.metrum.com.pl\/es\/wp-json\/wp\/v2\/pages\/106299"}],"wp:attachment":[{"href":"https:\/\/www.metrum.com.pl\/es\/wp-json\/wp\/v2\/media?parent=106660"}],"curies":[{"name":"wp","href":"https:\/\/api.w.org\/{rel}","templated":true}]}}