{"id":106807,"date":"2025-07-22T12:36:26","date_gmt":"2025-07-22T10:36:26","guid":{"rendered":"https:\/\/www.metrum.com.pl\/?page_id=106807"},"modified":"2025-07-22T12:39:33","modified_gmt":"2025-07-22T10:39:33","slug":"zapytanie-ofertowe-abm-3-2025","status":"publish","type":"page","link":"https:\/\/www.metrum.com.pl\/es\/proyectos-pl\/zapytanie-ofertowe-abm-3-2025\/","title":{"rendered":"Zapytanie ofertowe ABM\/3\/2025"},"content":{"rendered":"<p><br>pt.&nbsp;<strong><em>\u201eDevelopment of an innovative device with a dedicated probe for intraoperative cryoanalgesia to implement a unique and effective pain management therapy for cardiothoracic surgery\u201d<\/em><\/strong><\/p>\n\n\n\n<p><strong><em>(nr Umowy: 2022\/ABM\/02\/00019-00),<\/em><\/strong><\/p>\n\n\n\n<p>dla kt\u00f3rego Sp\u00f3\u0142ka otrzyma\u0142a od Agencji Bada\u0144 Medycznych dofinansowanie ze \u015brodk\u00f3w publicznych Bud\u017cetu Pa\u0144stwa w ramach \u201cKonkursu dla przedsi\u0119biorstw na finansowanie opracowania, oceny dzia\u0142ania, oceny klinicznej innowacyjnych wyrob\u00f3w medycznych\u201d oraz obowi\u0105zkiem dokonywania zakup\u00f3w w oparciu o najbardziej korzystn\u0105 ekonomicznie ofert\u0119, z zachowaniem zasad uczciwej konkurencji, efektywno\u015bci, jawno\u015bci i przejrzysto\u015bci, Metrum Cryoflex Sp. z o.o.&nbsp;<strong>sk\u0142ada zapytanie ofertowe dotycz\u0105ce<\/strong><\/p>\n\n\n\n<p><strong>\u201e<em>Us\u0142ugi polegaj\u0105cej na analizie, projektowaniu i optymalizacjach technologicznych, organizacyjnych, konstrukcyjnych i procesowych w celu budowy nowych, wysokowydajnych linii produkcyjnych dla wyrob\u00f3w medycznych, w oparciu o wyniki projektu ABM\u201d,<\/em>&nbsp;szczeg\u00f3\u0142owo opisanych w pkt. III niniejszego zapytania.<\/strong><\/p>\n\n\n\n<p><strong>Oferty nale\u017cy sk\u0142ada\u0107 do 30.07.2025 do ko\u0144ca dnia.<\/strong><\/p>\n\n\n\n<div style=\"height:100px\" aria-hidden=\"true\" class=\"wp-block-spacer\"><\/div>\n\n\n\n<p><\/p>\n\n\n\n<p><strong>Za\u0142\u0105czniki:<\/strong><\/p>\n\n\n\n<p><a href=\"https:\/\/www.metrum.com.pl\/wp-content\/uploads\/2025\/07\/Zapytanie-ofertowe-firma-projektowa.pdf\">Zapytanie ofertowe - firma projektowa<\/a><\/p>\n\n\n\n<p><a href=\"https:\/\/www.metrum.com.pl\/wp-content\/uploads\/2025\/07\/Zalacznik-nr-1-Formularz-ofertowy.docx\">Za\u0142a\u0328cznik nr 1 - Formularz ofertowy<\/a><\/p>\n\n\n\n<p><a href=\"https:\/\/www.metrum.com.pl\/wp-content\/uploads\/2025\/07\/Zalacznik-nr-2-Oswiadczenia.docx\">Za\u0142a\u0328cznik nr 2 - Os\u0301wiadczenia<\/a><\/p>\n\n\n\n<p><a href=\"https:\/\/www.metrum.com.pl\/wp-content\/uploads\/2025\/07\/Zalacznik-nr-3-Oswiadczenia-sankcje.docx\">Za\u0142\u0105cznik nr 3 - O\u015bwiadczenia - sankcje<\/a><\/p>\n\n\n\n<p><\/p>\n\n\n\n<p><\/p>","protected":false},"excerpt":{"rendered":"<p>pt.&nbsp;\u201eDevelopment of an innovative device with a dedicated probe for intraoperative cryoanalgesia to implement a unique and effective pain management therapy for cardiothoracic surgery\u201d (nr Umowy: 2022\/ABM\/02\/00019-00), dla kt\u00f3rego Sp\u00f3\u0142ka otrzyma\u0142a od Agencji Bada\u0144 Medycznych dofinansowanie ze \u015brodk\u00f3w publicznych Bud\u017cetu Pa\u0144stwa w ramach \u201cKonkursu dla przedsi\u0119biorstw na finansowanie opracowania, oceny dzia\u0142ania, oceny klinicznej innowacyjnych wyrob\u00f3w [&hellip;]<\/p>","protected":false},"author":4,"featured_media":0,"parent":106299,"menu_order":0,"comment_status":"closed","ping_status":"closed","template":"","meta":{"_acf_changed":false,"_seopress_robots_primary_cat":"","_seopress_titles_title":"","_seopress_titles_desc":"","_seopress_robots_index":"","inline_featured_image":false,"footnotes":""},"class_list":["post-106807","page","type-page","status-publish","hentry"],"acf":[],"_links":{"self":[{"href":"https:\/\/www.metrum.com.pl\/es\/wp-json\/wp\/v2\/pages\/106807","targetHints":{"allow":["GET"]}}],"collection":[{"href":"https:\/\/www.metrum.com.pl\/es\/wp-json\/wp\/v2\/pages"}],"about":[{"href":"https:\/\/www.metrum.com.pl\/es\/wp-json\/wp\/v2\/types\/page"}],"author":[{"embeddable":true,"href":"https:\/\/www.metrum.com.pl\/es\/wp-json\/wp\/v2\/users\/4"}],"replies":[{"embeddable":true,"href":"https:\/\/www.metrum.com.pl\/es\/wp-json\/wp\/v2\/comments?post=106807"}],"version-history":[{"count":2,"href":"https:\/\/www.metrum.com.pl\/es\/wp-json\/wp\/v2\/pages\/106807\/revisions"}],"predecessor-version":[{"id":106809,"href":"https:\/\/www.metrum.com.pl\/es\/wp-json\/wp\/v2\/pages\/106807\/revisions\/106809"}],"up":[{"embeddable":true,"href":"https:\/\/www.metrum.com.pl\/es\/wp-json\/wp\/v2\/pages\/106299"}],"wp:attachment":[{"href":"https:\/\/www.metrum.com.pl\/es\/wp-json\/wp\/v2\/media?parent=106807"}],"curies":[{"name":"wp","href":"https:\/\/api.w.org\/{rel}","templated":true}]}}