{"id":360,"date":"2025-01-04T02:39:45","date_gmt":"2025-01-04T01:39:45","guid":{"rendered":"https:\/\/new.metrum.com.pl\/cryo-s-painless-do-krioanalgezji-w-bolu-pooperacyjnym-copy\/"},"modified":"2025-03-12T18:09:12","modified_gmt":"2025-03-12T17:09:12","slug":"cryo-s-painless-para-crioanalgesia-en-dolor-cronico","status":"publish","type":"page","link":"https:\/\/www.metrum.com.pl\/es\/productos-medicos\/crioanalgesia\/cryo-s-painless-para-crioanalgesia-en-dolor-cronico\/","title":{"rendered":"CRYO-S Painless  para Crioanalgesia en Dolor Cr\u00f3nico"},"content":{"rendered":"","protected":false},"excerpt":{"rendered":"","protected":false},"author":1,"featured_media":0,"parent":125,"menu_order":0,"comment_status":"closed","ping_status":"closed","template":"","meta":{"_acf_changed":false,"_seopress_robots_primary_cat":"","_seopress_titles_title":"CRYO-S Painless aparat do krioanalgezji w b\u00f3lu przewlek\u0142ym - Metrum Cryoflex","_seopress_titles_desc":"CRYO-S Painless to zaawansowane urz\u0105dzenie do krioneurolizy w leczeniu b\u00f3lu przewlek\u0142ego. Skuteczna, odwracalna i bezpieczna metoda bez uszkadzania tkanek.","_seopress_robots_index":"","inline_featured_image":false,"footnotes":""},"class_list":["post-360","page","type-page","status-publish","hentry"],"acf":[],"_links":{"self":[{"href":"https:\/\/www.metrum.com.pl\/es\/wp-json\/wp\/v2\/pages\/360","targetHints":{"allow":["GET"]}}],"collection":[{"href":"https:\/\/www.metrum.com.pl\/es\/wp-json\/wp\/v2\/pages"}],"about":[{"href":"https:\/\/www.metrum.com.pl\/es\/wp-json\/wp\/v2\/types\/page"}],"author":[{"embeddable":true,"href":"https:\/\/www.metrum.com.pl\/es\/wp-json\/wp\/v2\/users\/1"}],"replies":[{"embeddable":true,"href":"https:\/\/www.metrum.com.pl\/es\/wp-json\/wp\/v2\/comments?post=360"}],"version-history":[{"count":1,"href":"https:\/\/www.metrum.com.pl\/es\/wp-json\/wp\/v2\/pages\/360\/revisions"}],"predecessor-version":[{"id":81988,"href":"https:\/\/www.metrum.com.pl\/es\/wp-json\/wp\/v2\/pages\/360\/revisions\/81988"}],"up":[{"embeddable":true,"href":"https:\/\/www.metrum.com.pl\/es\/wp-json\/wp\/v2\/pages\/125"}],"wp:attachment":[{"href":"https:\/\/www.metrum.com.pl\/es\/wp-json\/wp\/v2\/media?parent=360"}],"curies":[{"name":"wp","href":"https:\/\/api.w.org\/{rel}","templated":true}]}}