{"id":373,"date":"2025-01-04T03:47:56","date_gmt":"2025-01-04T02:47:56","guid":{"rendered":"https:\/\/new.metrum.com.pl\/cryo-s-mini-aparat-do-kriochirurgii-copy\/"},"modified":"2025-03-20T15:06:26","modified_gmt":"2025-03-20T14:06:26","slug":"cryo-s-electric-ii-dispositivo-de-criocirugia","status":"publish","type":"page","link":"https:\/\/www.metrum.com.pl\/es\/productos-medicos\/criocirugia\/cryo-s-electric-ii-dispositivo-de-criocirugia\/","title":{"rendered":"CRYO-S Electric II \u2013 Dispositivo de Criocirug\u00eda"},"content":{"rendered":"","protected":false},"excerpt":{"rendered":"","protected":false},"author":1,"featured_media":0,"parent":193,"menu_order":0,"comment_status":"closed","ping_status":"closed","template":"","meta":{"_acf_changed":false,"_seopress_robots_primary_cat":"","_seopress_titles_title":"CRYO-S Electric II \u2013 aparat do kriochirurgii - Metrum Cryoflex","_seopress_titles_desc":"CRYO-S Electric II to nowa generacja aparat\u00f3w do kriochirurgii. Sprawdzone rozwi\u0105zanie kliniczne od 1992 roku, cenione za precyzj\u0119, niezawodno\u015b\u0107 i bezpiecze\u0144stwo.","_seopress_robots_index":"","inline_featured_image":false,"footnotes":""},"class_list":["post-373","page","type-page","status-publish","hentry"],"acf":[],"_links":{"self":[{"href":"https:\/\/www.metrum.com.pl\/es\/wp-json\/wp\/v2\/pages\/373","targetHints":{"allow":["GET"]}}],"collection":[{"href":"https:\/\/www.metrum.com.pl\/es\/wp-json\/wp\/v2\/pages"}],"about":[{"href":"https:\/\/www.metrum.com.pl\/es\/wp-json\/wp\/v2\/types\/page"}],"author":[{"embeddable":true,"href":"https:\/\/www.metrum.com.pl\/es\/wp-json\/wp\/v2\/users\/1"}],"replies":[{"embeddable":true,"href":"https:\/\/www.metrum.com.pl\/es\/wp-json\/wp\/v2\/comments?post=373"}],"version-history":[{"count":1,"href":"https:\/\/www.metrum.com.pl\/es\/wp-json\/wp\/v2\/pages\/373\/revisions"}],"predecessor-version":[{"id":106316,"href":"https:\/\/www.metrum.com.pl\/es\/wp-json\/wp\/v2\/pages\/373\/revisions\/106316"}],"up":[{"embeddable":true,"href":"https:\/\/www.metrum.com.pl\/es\/wp-json\/wp\/v2\/pages\/193"}],"wp:attachment":[{"href":"https:\/\/www.metrum.com.pl\/es\/wp-json\/wp\/v2\/media?parent=373"}],"curies":[{"name":"wp","href":"https:\/\/api.w.org\/{rel}","templated":true}]}}