{"id":460,"date":"2025-01-06T12:02:35","date_gmt":"2025-01-06T11:02:35","guid":{"rendered":"https:\/\/new.metrum.com.pl\/fizjoterapia-copy\/"},"modified":"2025-03-28T11:18:25","modified_gmt":"2025-03-28T10:18:25","slug":"laseres-para-medicina-estetica-y-dispositivos-fisicos","status":"publish","type":"page","link":"https:\/\/www.metrum.com.pl\/es\/productos-medicos\/laseres-para-medicina-estetica-y-dispositivos-fisicos\/","title":{"rendered":"L\u00e1seres est\u00e9ticos y dispositivos f\u00edsicos"},"content":{"rendered":"","protected":false},"excerpt":{"rendered":"","protected":false},"author":1,"featured_media":0,"parent":622,"menu_order":0,"comment_status":"closed","ping_status":"closed","template":"","meta":{"_acf_changed":false,"_seopress_robots_primary_cat":"","_seopress_titles_title":"Lasery do medycyny estetycznej i urz\u0105dzenia fizykalne - Metrum Cryoflex","_seopress_titles_desc":"Lasery i urz\u0105dzenia fizykalne Metrum Cryoflex oferuj\u0105 nowoczesne technologie w odm\u0142adzaniu sk\u00f3ry i redukcji problem\u00f3w sk\u00f3rnych, zapewniaj\u0105c skuteczno\u015b\u0107.","_seopress_robots_index":"","inline_featured_image":false,"footnotes":""},"class_list":["post-460","page","type-page","status-publish","hentry"],"acf":[],"_links":{"self":[{"href":"https:\/\/www.metrum.com.pl\/es\/wp-json\/wp\/v2\/pages\/460","targetHints":{"allow":["GET"]}}],"collection":[{"href":"https:\/\/www.metrum.com.pl\/es\/wp-json\/wp\/v2\/pages"}],"about":[{"href":"https:\/\/www.metrum.com.pl\/es\/wp-json\/wp\/v2\/types\/page"}],"author":[{"embeddable":true,"href":"https:\/\/www.metrum.com.pl\/es\/wp-json\/wp\/v2\/users\/1"}],"replies":[{"embeddable":true,"href":"https:\/\/www.metrum.com.pl\/es\/wp-json\/wp\/v2\/comments?post=460"}],"version-history":[{"count":1,"href":"https:\/\/www.metrum.com.pl\/es\/wp-json\/wp\/v2\/pages\/460\/revisions"}],"predecessor-version":[{"id":106456,"href":"https:\/\/www.metrum.com.pl\/es\/wp-json\/wp\/v2\/pages\/460\/revisions\/106456"}],"up":[{"embeddable":true,"href":"https:\/\/www.metrum.com.pl\/es\/wp-json\/wp\/v2\/pages\/622"}],"wp:attachment":[{"href":"https:\/\/www.metrum.com.pl\/es\/wp-json\/wp\/v2\/media?parent=460"}],"curies":[{"name":"wp","href":"https:\/\/api.w.org\/{rel}","templated":true}]}}