{"id":466,"date":"2025-01-06T12:11:16","date_gmt":"2025-01-06T11:11:16","guid":{"rendered":"https:\/\/new.metrum.com.pl\/q-master-plus-copy\/"},"modified":"2025-02-11T22:10:58","modified_gmt":"2025-02-11T21:10:58","slug":"antige","status":"publish","type":"page","link":"https:\/\/www.metrum.com.pl\/es\/productos-medicos\/laseres-para-medicina-estetica-y-dispositivos-fisicos\/antige\/","title":{"rendered":"Antige"},"content":{"rendered":"","protected":false},"excerpt":{"rendered":"","protected":false},"author":1,"featured_media":0,"parent":460,"menu_order":0,"comment_status":"closed","ping_status":"closed","template":"","meta":{"_acf_changed":false,"_seopress_robots_primary_cat":"","_seopress_titles_title":"ANTIGE - Aparat do Radiofrekwencji Mikroig\u0142owej - Metrum Cryoflex","_seopress_titles_desc":"ANTIGE to aparat do radiofrekwencji mikroig\u0142owej, \u0142\u0105cz\u0105cy mikronak\u0142uwanie i fale elektromagnetyczne, poprawiaj\u0105cy g\u0119sto\u015b\u0107, napi\u0119cie sk\u00f3ry redukuj\u0105cy zmarszczki, blizny i przebarwienia.","_seopress_robots_index":"","inline_featured_image":false,"footnotes":""},"class_list":["post-466","page","type-page","status-publish","hentry"],"acf":[],"_links":{"self":[{"href":"https:\/\/www.metrum.com.pl\/es\/wp-json\/wp\/v2\/pages\/466","targetHints":{"allow":["GET"]}}],"collection":[{"href":"https:\/\/www.metrum.com.pl\/es\/wp-json\/wp\/v2\/pages"}],"about":[{"href":"https:\/\/www.metrum.com.pl\/es\/wp-json\/wp\/v2\/types\/page"}],"author":[{"embeddable":true,"href":"https:\/\/www.metrum.com.pl\/es\/wp-json\/wp\/v2\/users\/1"}],"replies":[{"embeddable":true,"href":"https:\/\/www.metrum.com.pl\/es\/wp-json\/wp\/v2\/comments?post=466"}],"version-history":[{"count":0,"href":"https:\/\/www.metrum.com.pl\/es\/wp-json\/wp\/v2\/pages\/466\/revisions"}],"up":[{"embeddable":true,"href":"https:\/\/www.metrum.com.pl\/es\/wp-json\/wp\/v2\/pages\/460"}],"wp:attachment":[{"href":"https:\/\/www.metrum.com.pl\/es\/wp-json\/wp\/v2\/media?parent=466"}],"curies":[{"name":"wp","href":"https:\/\/api.w.org\/{rel}","templated":true}]}}