{"id":559,"date":"2025-01-10T04:30:58","date_gmt":"2025-01-10T03:30:58","guid":{"rendered":"https:\/\/new.metrum.com.pl\/lasery-chirurgiczne\/q-master-plus-chirurgia-copy\/"},"modified":"2025-02-11T01:36:10","modified_gmt":"2025-02-11T00:36:10","slug":"twist-10","status":"publish","type":"page","link":"https:\/\/www.metrum.com.pl\/es\/productos-medicos\/lasers-quirurgicos\/twist-10\/","title":{"rendered":"TWIST 10"},"content":{"rendered":"","protected":false},"excerpt":{"rendered":"","protected":false},"author":1,"featured_media":0,"parent":250,"menu_order":0,"comment_status":"closed","ping_status":"closed","template":"","meta":{"_acf_changed":false,"_seopress_robots_primary_cat":"","_seopress_titles_title":"TWIST Diode laser flebologiczny medyczny do EVLT - Metrum Cryoflex","_seopress_titles_desc":"TWIST Diode to laser flebologiczny do zabieg\u00f3w EVLT, zapewniaj\u0105cy brak ryzyka poparze\u0144, wysok\u0105 skuteczno\u015b\u0107. Idealny do zamykania \u017cy\u0142 bez karbonizacji i odbarwie\u0144 sk\u00f3ry.","_seopress_robots_index":"","inline_featured_image":false,"footnotes":""},"class_list":["post-559","page","type-page","status-publish","hentry"],"acf":[],"_links":{"self":[{"href":"https:\/\/www.metrum.com.pl\/es\/wp-json\/wp\/v2\/pages\/559","targetHints":{"allow":["GET"]}}],"collection":[{"href":"https:\/\/www.metrum.com.pl\/es\/wp-json\/wp\/v2\/pages"}],"about":[{"href":"https:\/\/www.metrum.com.pl\/es\/wp-json\/wp\/v2\/types\/page"}],"author":[{"embeddable":true,"href":"https:\/\/www.metrum.com.pl\/es\/wp-json\/wp\/v2\/users\/1"}],"replies":[{"embeddable":true,"href":"https:\/\/www.metrum.com.pl\/es\/wp-json\/wp\/v2\/comments?post=559"}],"version-history":[{"count":0,"href":"https:\/\/www.metrum.com.pl\/es\/wp-json\/wp\/v2\/pages\/559\/revisions"}],"up":[{"embeddable":true,"href":"https:\/\/www.metrum.com.pl\/es\/wp-json\/wp\/v2\/pages\/250"}],"wp:attachment":[{"href":"https:\/\/www.metrum.com.pl\/es\/wp-json\/wp\/v2\/media?parent=559"}],"curies":[{"name":"wp","href":"https:\/\/api.w.org\/{rel}","templated":true}]}}