{"id":594,"date":"2025-02-02T06:39:12","date_gmt":"2025-02-02T05:39:12","guid":{"rendered":"https:\/\/new.metrum.com.pl\/fizjoterapia\/cryo-t-elephant-mini-copy\/"},"modified":"2025-02-11T22:21:09","modified_gmt":"2025-02-11T21:21:09","slug":"boa-max-2","status":"publish","type":"page","link":"https:\/\/www.metrum.com.pl\/es\/productos-medicos\/fisioterapia\/boa-max-2\/","title":{"rendered":"BOA Max 2"},"content":{"rendered":"","protected":false},"excerpt":{"rendered":"","protected":false},"author":1,"featured_media":0,"parent":260,"menu_order":0,"comment_status":"closed","ping_status":"closed","template":"","meta":{"_acf_changed":false,"_seopress_robots_primary_cat":"","_seopress_titles_title":"BOA Max 2 Aparat do presoterapii i masa\u017cu limfatycznego - Metrum Cryoflex","_seopress_titles_desc":"BOA Max 2 - unikalny aparat do presoterapii i masa\u017cu limfatycznego z mo\u017cliwo\u015bci\u0105 tworzenia w\u0142asnych algorytm\u00f3w zabiegowych. Certyfikowany wyr\u00f3b medyczny.","_seopress_robots_index":"","inline_featured_image":false,"footnotes":""},"class_list":["post-594","page","type-page","status-publish","hentry"],"acf":[],"_links":{"self":[{"href":"https:\/\/www.metrum.com.pl\/es\/wp-json\/wp\/v2\/pages\/594","targetHints":{"allow":["GET"]}}],"collection":[{"href":"https:\/\/www.metrum.com.pl\/es\/wp-json\/wp\/v2\/pages"}],"about":[{"href":"https:\/\/www.metrum.com.pl\/es\/wp-json\/wp\/v2\/types\/page"}],"author":[{"embeddable":true,"href":"https:\/\/www.metrum.com.pl\/es\/wp-json\/wp\/v2\/users\/1"}],"replies":[{"embeddable":true,"href":"https:\/\/www.metrum.com.pl\/es\/wp-json\/wp\/v2\/comments?post=594"}],"version-history":[{"count":1,"href":"https:\/\/www.metrum.com.pl\/es\/wp-json\/wp\/v2\/pages\/594\/revisions"}],"predecessor-version":[{"id":106889,"href":"https:\/\/www.metrum.com.pl\/es\/wp-json\/wp\/v2\/pages\/594\/revisions\/106889"}],"up":[{"embeddable":true,"href":"https:\/\/www.metrum.com.pl\/es\/wp-json\/wp\/v2\/pages\/260"}],"wp:attachment":[{"href":"https:\/\/www.metrum.com.pl\/es\/wp-json\/wp\/v2\/media?parent=594"}],"curies":[{"name":"wp","href":"https:\/\/api.w.org\/{rel}","templated":true}]}}