{"id":106335,"date":"2025-03-20T15:29:26","date_gmt":"2025-03-20T14:29:26","guid":{"rendered":"https:\/\/new.metrum.com.pl\/?page_id=106335"},"modified":"2025-05-17T12:39:17","modified_gmt":"2025-05-17T10:39:17","slug":"informacja-o-wyniku-wyboru-oferty-z-postepowania-o-udzielenie-zamowienia-na-realizacje-dotyczy-zapytania-ofertowego-nr-abm-1-2023-z-dnia-08-03-2023r","status":"publish","type":"page","link":"https:\/\/www.metrum.com.pl\/pt\/projetos-pl\/informacja-o-wyniku-wyboru-oferty-z-postepowania-o-udzielenie-zamowienia-na-realizacje-dotyczy-zapytania-ofertowego-nr-abm-1-2023-z-dnia-08-03-2023r\/","title":{"rendered":"Informacja o wyniku wyboru oferty z post\u0119powania o udzielenie zam\u00f3wienia na realizacj\u0119. Dotyczy zapytania ofertowego nr abm\/1\/2023 z dnia 08.03.2023r."},"content":{"rendered":"<p>Blizne \u0141aszczy\u0144skiego, dnia 21.03.2022 r.<\/p>\n\n\n\n<p>DOTYCZY ZAPYTANIA OFERTOWEGO NR ABM\/1\/2023 Z DNIA 08.03.2023R.<\/p>\n\n\n\n<p>INFORMACJA O WYNIKU WYBORU OFERTY z post\u0119powania o udzielenie zam\u00f3wienia na realizacj\u0119<\/p>\n\n\n\n<p>\u201eUs\u0142ugi polegaj\u0105cej na opracowaniu i stworzeniu projektu wzorniczego i konstrukcyjnego r\u0119koje\u015bci do jednorazowych sond kriogenicznych, kt\u00f3re b\u0119d\u0105 poddawane sterylizacji tlenkiem etylen\u201d<\/p>\n\n\n\n<p>Informujemy, \u017ce w zwi\u0105zku z realizacj\u0105 projektu pt.: \u201eDevelopment of an innovative device with<br>a dedicated probe for intraoperative cryoanalgesia to implement a unique and effective pain management therapy for cardiothoracic surgery\u201d(nr. projektu 2022\/ABM\/02\/00019-00), dla kt\u00f3rego Sp\u00f3\u0142ka otrzyma\u0142a od Agencji Bada\u0144 Medycznych dofinansowanie ze \u015brodk\u00f3w publicznych Bud\u017cetu Pa\u0144stwa oraz obowi\u0105zkiem dokonywania zakup\u00f3w w oparciu o najbardziej korzystn\u0105 ekonomicznie ofert\u0119, z zachowaniem zasad uczciwej konkurencji, efektywno\u015bci, jawno\u015bci i przejrzysto\u015bci, Metrum Cryoflex Sp. z o.o. zako\u0144czy\u0142a post\u0119powanie dotycz\u0105ce zakupu \u201eUs\u0142ugi polegaj\u0105cej na opracowaniu<br>i stworzeniu projektu wzorniczego i konstrukcyjnego r\u0119koje\u015bci do jednorazowych sond kriogenicznych, kt\u00f3re b\u0119d\u0105 poddawane sterylizacji tlenkiem etylen\u201d<\/p>\n\n\n\n<p>Informujemy, \u017ce w oparciu o ustalone kryteria NAJWY\u017bSZ\u0104 LICZB\u0118 PUNKT\u00d3W OTRZYMA\u0141A OFERTA:<\/p>\n\n\n\n<p>Ergo Design Sp. z o.o.<\/p>\n\n\n\n<p>Przemys\u0142owa 13,<\/p>\n\n\n\n<p>30-701 Krak\u00f3w<\/p>\n\n\n\n<p>60 000,00 PLN NETTO<\/p>\n\n\n\n<p>Wybrana oferta wp\u0142yn\u0119\u0142a do Metrum Cryoflex Sp. z o.o. w wyznaczonym terminie, zawiera\u0142a wymagane<br>w zapytaniu dokumenty i nie zawiera\u0142a wad formalnych warunkuj\u0105cych dopuszczenie do post\u0119powania.<\/p>\n\n\n\n<p><\/p>\n\n\n\n<p><\/p>\n\n\n\n<p><\/p>\n\n\n\n<p><strong>DOKUMENTY<\/strong><\/p>\n\n\n\n<p><a href=\"\/wp-content\/uploads\/2025\/03\/INFORMACJA_O_WYNIKU_ABM-1-2023.pdf\" data-type=\"link\" data-id=\"https:\/\/new.metrum.com.pl\/wp-content\/uploads\/2025\/03\/INFORMACJA_O_WYNIKU_ABM-1-2023.pdf\">INFORMACJA O WYNIKU WYBORU OFERTY Z POST\u0118POWANIA O UDZIELENIE ZAM\u00d3WIENIA NA REALIZACJ\u0118 \u201eUS\u0141UGI POLEGAJ\u0104CEJ NA OPRACOWANIU I STWORZENIU PROJEKTU WZORNICZEGO I<br>KONSTRUKCYJNEGO R\u0118KOJE\u015aCI DO JEDNORAZOWYCH SOND KRIOGENICZNYCH, KT\u00d3RE B\u0118D\u0104<br>PODDAWANE STERYLIZACJI TLENKIEM ETYLEN\u201d<\/a><\/p>\n\n\n\n<p><\/p>","protected":false},"excerpt":{"rendered":"<p>Blizne \u0141aszczy\u0144skiego, dnia 21.03.2022 r. DOTYCZY ZAPYTANIA OFERTOWEGO NR ABM\/1\/2023 Z DNIA 08.03.2023R. INFORMACJA O WYNIKU WYBORU OFERTY z post\u0119powania o udzielenie zam\u00f3wienia na realizacj\u0119 \u201eUs\u0142ugi polegaj\u0105cej na opracowaniu i stworzeniu projektu wzorniczego i konstrukcyjnego r\u0119koje\u015bci do jednorazowych sond kriogenicznych, kt\u00f3re b\u0119d\u0105 poddawane sterylizacji tlenkiem etylen\u201d Informujemy, \u017ce w zwi\u0105zku z realizacj\u0105 projektu pt.: \u201eDevelopment [&hellip;]<\/p>","protected":false},"author":1,"featured_media":0,"parent":106299,"menu_order":0,"comment_status":"closed","ping_status":"closed","template":"","meta":{"_acf_changed":false,"_seopress_robots_primary_cat":"","_seopress_titles_title":"","_seopress_titles_desc":"","_seopress_robots_index":"","inline_featured_image":false,"footnotes":""},"class_list":["post-106335","page","type-page","status-publish","hentry"],"acf":[],"_links":{"self":[{"href":"https:\/\/www.metrum.com.pl\/pt\/wp-json\/wp\/v2\/pages\/106335","targetHints":{"allow":["GET"]}}],"collection":[{"href":"https:\/\/www.metrum.com.pl\/pt\/wp-json\/wp\/v2\/pages"}],"about":[{"href":"https:\/\/www.metrum.com.pl\/pt\/wp-json\/wp\/v2\/types\/page"}],"author":[{"embeddable":true,"href":"https:\/\/www.metrum.com.pl\/pt\/wp-json\/wp\/v2\/users\/1"}],"replies":[{"embeddable":true,"href":"https:\/\/www.metrum.com.pl\/pt\/wp-json\/wp\/v2\/comments?post=106335"}],"version-history":[{"count":8,"href":"https:\/\/www.metrum.com.pl\/pt\/wp-json\/wp\/v2\/pages\/106335\/revisions"}],"predecessor-version":[{"id":106615,"href":"https:\/\/www.metrum.com.pl\/pt\/wp-json\/wp\/v2\/pages\/106335\/revisions\/106615"}],"up":[{"embeddable":true,"href":"https:\/\/www.metrum.com.pl\/pt\/wp-json\/wp\/v2\/pages\/106299"}],"wp:attachment":[{"href":"https:\/\/www.metrum.com.pl\/pt\/wp-json\/wp\/v2\/media?parent=106335"}],"curies":[{"name":"wp","href":"https:\/\/api.w.org\/{rel}","templated":true}]}}