{"id":106361,"date":"2025-03-20T15:55:35","date_gmt":"2025-03-20T14:55:35","guid":{"rendered":"https:\/\/new.metrum.com.pl\/?page_id=106361"},"modified":"2025-05-17T12:43:13","modified_gmt":"2025-05-17T10:43:13","slug":"zapytanie-ofertowe-abm-1-2025","status":"publish","type":"page","link":"https:\/\/www.metrum.com.pl\/pt\/projetos-pl\/zapytanie-ofertowe-abm-1-2025\/","title":{"rendered":"Zapytanie ofertowe ABM\/1\/2025"},"content":{"rendered":"<p>W zwi\u0105zku z realizacj\u0105 projektu badawczo-rozwojowego<\/p>\n\n\n\n<p>\u201eDevelopment of an innovative device with a dedicated probe for intraoperative cryoanalgesia to implement a unique and effective pain management therapy for cardiothoracic surgery\u201d<\/p>\n\n\n\n<p>(nr Umowy: 2022\/ABM\/02\/00019-00),&nbsp;<\/p>\n\n\n\n<p>dla kt\u00f3rego Sp\u00f3\u0142ka otrzyma\u0142a od Agencji Bada\u0144 Medycznych dofinansowanie ze \u015brodk\u00f3w publicznych Bud\u017cetu Pa\u0144stwa w ramach \u201cKonkursu dla przedsi\u0119biorstw na finansowanie opracowania, oceny dzia\u0142ania, oceny klinicznej innowacyjnych wyrob\u00f3w medycznych\u201d oraz obowi\u0105zkiem dokonywania zakup\u00f3w w oparciu o najbardziej korzystn\u0105 ekonomicznie ofert\u0119, z zachowaniem zasad uczciwej konkurencji, efektywno\u015bci, jawno\u015bci i przejrzysto\u015bci, Metrum Cryoflex Sp. z o.o. sk\u0142ada zapytanie ofertowe dotycz\u0105ce&nbsp;\u201eUs\u0142ugi przygotowania planu oceny biologicznej, wykonania bada\u0144 biokompatybilno\u015bci oraz opracowania raportu oceny biologicznej zgodnie ze standardem ISO 10993 dla sondy kriochirurgicznej jednorazowej po procesie sterylizacji w tlenku etylenu\u201d.<\/p>\n\n\n\n<p>Szczeg\u00f3\u0142y zapytania zawarte s\u0105 w za\u0142\u0105czniku \u201eZapytanie ofertowe Badania biokompatybilno\u015bci\u201d<\/p>\n\n\n\n<p>Oferty nale\u017cy sk\u0142ada\u0107 do 21.03.2025 do ko\u0144ca dnia.<\/p>\n\n\n\n<p><\/p>\n\n\n\n<div style=\"height:100px\" aria-hidden=\"true\" class=\"wp-block-spacer\"><\/div>\n\n\n\n<p><strong>ZA\u0141\u0104CZNIKI:<\/strong><\/p>\n\n\n\n<p>INFORMUJEMY DODATKOWO ZAPYTANIE OFERTOWEGO STANOWI\u0104CE ZA\u0141\u0104CZNIK DO NINIEJSZEGO OG\u0141OSZENIA ZOSTA\u0141O PRZYGOTOWANE W DW\u00d3CH WERSJACH J\u0118ZYKOWYCH (POLSKIEJ I ANGIELSKIEJ).<\/p>\n\n\n\n<p><\/p>\n\n\n\n<p><\/p>\n\n\n\n<p>PL<\/p>\n\n\n\n<p>1.\u00a0<a href=\"\/wp-content\/uploads\/2025\/03\/Zapytanie-ofertowe-Badania-biokompatybilnosci-1.pdf\">Zapytanie ofertowe \u2013 Badania biokompatybilno\u015bci (pdf)<\/a><\/p>\n\n\n\n<p>2.\u00a0<a href=\"\/wp-content\/uploads\/2025\/03\/Zalacznik-nr-1-Formularz-ofertowy-2.docx\">Za\u0142\u0105cznik 1 \u2013 Formularz ofertowy (docx)<\/a><\/p>\n\n\n\n<p>3.\u00a0<a href=\"\/wp-content\/uploads\/2025\/03\/Zalacznik-nr-2-Oswiadczenia-2.docx\">Za\u0142\u0105cznik 2 \u2013 O\u015bwiadczenia<\/a><\/p>\n\n\n\n<p>EN<\/p>\n\n\n\n<p>1.\u00a0<a href=\"\/wp-content\/uploads\/2025\/03\/Request-for-proposal-for-biocompatibility-testing-1.pdf\">Request for proposal for biocompatibility testing (pdf)<\/a><\/p>\n\n\n\n<p>2.\u00a0<a href=\"\/wp-content\/uploads\/2025\/03\/APPENDIX-1-OFFER-FORM.docx\">APPENDIX 1 \u2013 Offer form (docx)<\/a><\/p>\n\n\n\n<p>3.\u00a0<a href=\"\/wp-content\/uploads\/2025\/03\/APPENDIX-2-STATEMENTS.docx\">APPENDIX 2 \u2013 Statements (docx)<\/a><\/p>\n\n\n\n<p><\/p>","protected":false},"excerpt":{"rendered":"<p>W zwi\u0105zku z realizacj\u0105 projektu badawczo-rozwojowego \u201eDevelopment of an innovative device with a dedicated probe for intraoperative cryoanalgesia to implement a unique and effective pain management therapy for cardiothoracic surgery\u201d (nr Umowy: 2022\/ABM\/02\/00019-00),&nbsp; dla kt\u00f3rego Sp\u00f3\u0142ka otrzyma\u0142a od Agencji Bada\u0144 Medycznych dofinansowanie ze \u015brodk\u00f3w publicznych Bud\u017cetu Pa\u0144stwa w ramach \u201cKonkursu dla przedsi\u0119biorstw na finansowanie opracowania, [&hellip;]<\/p>","protected":false},"author":1,"featured_media":0,"parent":106299,"menu_order":0,"comment_status":"closed","ping_status":"closed","template":"","meta":{"_acf_changed":false,"_seopress_robots_primary_cat":"","_seopress_titles_title":"","_seopress_titles_desc":"","_seopress_robots_index":"","inline_featured_image":false,"footnotes":""},"class_list":["post-106361","page","type-page","status-publish","hentry"],"acf":[],"_links":{"self":[{"href":"https:\/\/www.metrum.com.pl\/pt\/wp-json\/wp\/v2\/pages\/106361","targetHints":{"allow":["GET"]}}],"collection":[{"href":"https:\/\/www.metrum.com.pl\/pt\/wp-json\/wp\/v2\/pages"}],"about":[{"href":"https:\/\/www.metrum.com.pl\/pt\/wp-json\/wp\/v2\/types\/page"}],"author":[{"embeddable":true,"href":"https:\/\/www.metrum.com.pl\/pt\/wp-json\/wp\/v2\/users\/1"}],"replies":[{"embeddable":true,"href":"https:\/\/www.metrum.com.pl\/pt\/wp-json\/wp\/v2\/comments?post=106361"}],"version-history":[{"count":13,"href":"https:\/\/www.metrum.com.pl\/pt\/wp-json\/wp\/v2\/pages\/106361\/revisions"}],"predecessor-version":[{"id":106619,"href":"https:\/\/www.metrum.com.pl\/pt\/wp-json\/wp\/v2\/pages\/106361\/revisions\/106619"}],"up":[{"embeddable":true,"href":"https:\/\/www.metrum.com.pl\/pt\/wp-json\/wp\/v2\/pages\/106299"}],"wp:attachment":[{"href":"https:\/\/www.metrum.com.pl\/pt\/wp-json\/wp\/v2\/media?parent=106361"}],"curies":[{"name":"wp","href":"https:\/\/api.w.org\/{rel}","templated":true}]}}