{"id":106407,"date":"2025-03-21T12:35:30","date_gmt":"2025-03-21T11:35:30","guid":{"rendered":"https:\/\/www.metrum.com.pl\/?page_id=106407"},"modified":"2025-03-21T12:58:06","modified_gmt":"2025-03-21T11:58:06","slug":"zapytanie-ofertowe-abm-2-2025","status":"publish","type":"page","link":"https:\/\/www.metrum.com.pl\/pt\/projetos-pl\/zapytanie-ofertowe-abm-2-2025\/","title":{"rendered":"Zapytanie ofertowe ABM\/2\/2025"},"content":{"rendered":"<p>W zwi\u0105zku z realizacj\u0105 projektu badawczo-rozwojowego&nbsp;<br>\u2028pt.&nbsp;\u201eDevelopment of an innovative device with a dedicated probe for intraoperative cryoanalgesia to implement a unique and effective pain management therapy for cardiothoracic surgery\u201d<br>(nr Umowy: 2022\/ABM\/02\/00019-00),&nbsp;<br>dla kt\u00f3rego Sp\u00f3\u0142ka otrzyma\u0142a od Agencji Bada\u0144 Medycznych dofinansowanie ze \u015brodk\u00f3w publicznych Bud\u017cetu Pa\u0144stwa w ramach \u201cKonkursu dla przedsi\u0119biorstw na finansowanie opracowania, oceny dzia\u0142ania, oceny klinicznej innowacyjnych wyrob\u00f3w medycznych\u201d oraz obowi\u0105zkiem dokonywania zakup\u00f3w w oparciu o najbardziej korzystn\u0105 ekonomicznie ofert\u0119, z zachowaniem zasad uczciwej konkurencji, efektywno\u015bci, jawno\u015bci i przejrzysto\u015bci, Metrum Cryoflex Sp. z o.o.&nbsp;sk\u0142ada zapytanie ofertowe dotycz\u0105ce&nbsp;<br>\u201eUs\u0142ugi przygotowania planu oraz wykonanie walidacji sterylizacji tlenkiem etylenu wraz z opracowaniem raportu zgodnie ze standardem ISO 11135 dla sondy kriochirurgicznej jednorazowej\u201d,&nbsp;szczeg\u00f3\u0142owo opisanych w pkt. III niniejszego zapytania.<br>INFORMUJEMY DODATKOWO ZAPYTANIE OFERTOWEGO STANOWI\u0104CE ZA\u0141\u0104CZNIK DO NINIEJSZEGO OG\u0141OSZENIA ZOSTA\u0141O PRZYGOTOWANE W DW\u00d3CH WERSJACH J\u0118ZYKOWYCH (POLSKIEJ I ANGIELSKIEJ).<\/p>\n\n\n\n<div style=\"height:100px\" aria-hidden=\"true\" class=\"wp-block-spacer\"><\/div>\n\n\n\n<p><strong>Za\u0142\u0105czniki:<\/strong><\/p>\n\n\n\n<p><a href=\"https:\/\/www.metrum.com.pl\/wp-content\/uploads\/2025\/03\/Zapytanie-ofertowe-Badania-walidacji.pdf\">Zapytanie ofertowe Badania walidacji<\/a><\/p>\n\n\n\n<p><a href=\"https:\/\/www.metrum.com.pl\/wp-content\/uploads\/2025\/03\/Zalacznik-nr-1-Formularz-ofertowy-3.docx\">Za\u0142a\u0328cznik nr 1 - Formularz ofertowy<\/a><\/p>\n\n\n\n<p><a href=\"https:\/\/www.metrum.com.pl\/wp-content\/uploads\/2025\/03\/Zalacznik-nr-2-Oswiadczenia-3.docx\">Za\u0142a\u0328cznik nr 2 - Os\u0301wiadczenia<\/a><\/p>\n\n\n\n<div style=\"height:100px\" aria-hidden=\"true\" class=\"wp-block-spacer\"><\/div>\n\n\n\n<p><a href=\"https:\/\/www.metrum.com.pl\/wp-content\/uploads\/2025\/03\/Request-for-proposal-for-ethylene-oxide-sterilization.pdf\">Request for proposal for ethylene oxide sterilization<\/a><\/p>\n\n\n\n<p><a href=\"https:\/\/www.metrum.com.pl\/wp-content\/uploads\/2025\/03\/APPENDIX-1-OFFER-FORM-1.docx\">APPENDIX 1 - OFFER FORM<\/a><\/p>\n\n\n\n<p><a href=\"https:\/\/www.metrum.com.pl\/wp-content\/uploads\/2025\/03\/APPENDIX-2-STATEMENTS-1.docx\" data-type=\"link\" data-id=\"https:\/\/www.metrum.com.pl\/wp-content\/uploads\/2025\/03\/APPENDIX-2-STATEMENTS-1.docx\">APPENDIX 2 - STATEMENTS<\/a><\/p>\n\n\n\n<p><\/p>","protected":false},"excerpt":{"rendered":"<p>W zwi\u0105zku z realizacj\u0105 projektu badawczo-rozwojowego&nbsp;\u2028pt.&nbsp;\u201eDevelopment of an innovative device with a dedicated probe for intraoperative cryoanalgesia to implement a unique and effective pain management therapy for cardiothoracic surgery\u201d(nr Umowy: 2022\/ABM\/02\/00019-00),&nbsp;dla kt\u00f3rego Sp\u00f3\u0142ka otrzyma\u0142a od Agencji Bada\u0144 Medycznych dofinansowanie ze \u015brodk\u00f3w publicznych Bud\u017cetu Pa\u0144stwa w ramach \u201cKonkursu dla przedsi\u0119biorstw na finansowanie opracowania, oceny dzia\u0142ania, oceny [&hellip;]<\/p>","protected":false},"author":1,"featured_media":0,"parent":106299,"menu_order":0,"comment_status":"closed","ping_status":"closed","template":"","meta":{"_acf_changed":false,"_seopress_robots_primary_cat":"","_seopress_titles_title":"","_seopress_titles_desc":"","_seopress_robots_index":"","inline_featured_image":false,"footnotes":""},"class_list":["post-106407","page","type-page","status-publish","hentry"],"acf":[],"_links":{"self":[{"href":"https:\/\/www.metrum.com.pl\/pt\/wp-json\/wp\/v2\/pages\/106407","targetHints":{"allow":["GET"]}}],"collection":[{"href":"https:\/\/www.metrum.com.pl\/pt\/wp-json\/wp\/v2\/pages"}],"about":[{"href":"https:\/\/www.metrum.com.pl\/pt\/wp-json\/wp\/v2\/types\/page"}],"author":[{"embeddable":true,"href":"https:\/\/www.metrum.com.pl\/pt\/wp-json\/wp\/v2\/users\/1"}],"replies":[{"embeddable":true,"href":"https:\/\/www.metrum.com.pl\/pt\/wp-json\/wp\/v2\/comments?post=106407"}],"version-history":[{"count":8,"href":"https:\/\/www.metrum.com.pl\/pt\/wp-json\/wp\/v2\/pages\/106407\/revisions"}],"predecessor-version":[{"id":106426,"href":"https:\/\/www.metrum.com.pl\/pt\/wp-json\/wp\/v2\/pages\/106407\/revisions\/106426"}],"up":[{"embeddable":true,"href":"https:\/\/www.metrum.com.pl\/pt\/wp-json\/wp\/v2\/pages\/106299"}],"wp:attachment":[{"href":"https:\/\/www.metrum.com.pl\/pt\/wp-json\/wp\/v2\/media?parent=106407"}],"curies":[{"name":"wp","href":"https:\/\/api.w.org\/{rel}","templated":true}]}}