{"id":106488,"date":"2025-04-04T04:57:33","date_gmt":"2025-04-04T02:57:33","guid":{"rendered":"https:\/\/www.metrum.com.pl\/?page_id=106488"},"modified":"2025-04-04T05:04:00","modified_gmt":"2025-04-04T03:04:00","slug":"drlux-2","status":"publish","type":"page","link":"https:\/\/www.metrum.com.pl\/pt\/produtos-medicos\/lasers-para-medicina-estetica-e-aparelhos-fisicos\/drlux-2\/","title":{"rendered":"DrLUX"},"content":{"rendered":"","protected":false},"excerpt":{"rendered":"","protected":false},"author":1,"featured_media":0,"parent":460,"menu_order":0,"comment_status":"closed","ping_status":"closed","template":"","meta":{"_acf_changed":false,"_seopress_robots_primary_cat":"","_seopress_titles_title":"DrLUX lampy do fototerapii LED - Metrum Cryoflex","_seopress_titles_desc":"DrLUX to nowoczesne urz\u0105dzenie LPL wykorzystuj\u0105ce 4 d\u0142ugo\u015bci fali LED, oferuj\u0105ce: od\u015bwie\u017canie sk\u00f3ry, leczenie tr\u0105dziku, b\u00f3l\u00f3w czy rumienia.","_seopress_robots_index":"","inline_featured_image":false,"footnotes":""},"class_list":["post-106488","page","type-page","status-publish","hentry"],"acf":[],"_links":{"self":[{"href":"https:\/\/www.metrum.com.pl\/pt\/wp-json\/wp\/v2\/pages\/106488","targetHints":{"allow":["GET"]}}],"collection":[{"href":"https:\/\/www.metrum.com.pl\/pt\/wp-json\/wp\/v2\/pages"}],"about":[{"href":"https:\/\/www.metrum.com.pl\/pt\/wp-json\/wp\/v2\/types\/page"}],"author":[{"embeddable":true,"href":"https:\/\/www.metrum.com.pl\/pt\/wp-json\/wp\/v2\/users\/1"}],"replies":[{"embeddable":true,"href":"https:\/\/www.metrum.com.pl\/pt\/wp-json\/wp\/v2\/comments?post=106488"}],"version-history":[{"count":2,"href":"https:\/\/www.metrum.com.pl\/pt\/wp-json\/wp\/v2\/pages\/106488\/revisions"}],"predecessor-version":[{"id":106490,"href":"https:\/\/www.metrum.com.pl\/pt\/wp-json\/wp\/v2\/pages\/106488\/revisions\/106490"}],"up":[{"embeddable":true,"href":"https:\/\/www.metrum.com.pl\/pt\/wp-json\/wp\/v2\/pages\/460"}],"wp:attachment":[{"href":"https:\/\/www.metrum.com.pl\/pt\/wp-json\/wp\/v2\/media?parent=106488"}],"curies":[{"name":"wp","href":"https:\/\/api.w.org\/{rel}","templated":true}]}}