{"id":106621,"date":"2025-05-17T12:49:17","date_gmt":"2025-05-17T10:49:17","guid":{"rendered":"https:\/\/www.metrum.com.pl\/?page_id=106621"},"modified":"2025-05-17T13:04:27","modified_gmt":"2025-05-17T11:04:27","slug":"zapytanie-ofertowe-abm-3-2024","status":"publish","type":"page","link":"https:\/\/www.metrum.com.pl\/pt\/projetos-pl\/zapytanie-ofertowe-abm-3-2024\/","title":{"rendered":"Zapytanie ofertowe ABM\/3\/2024"},"content":{"rendered":"<p><strong>ZAPYTANIE OFERTOWE ABM\/3\/2024<\/strong><\/p>\n\n\n\n<p>W zwi\u0105zku z realizacj\u0105 projektu badawczo-rozwojowego<\/p>\n\n\n\n<p>pt. \u201eDevelopment of an innovative device with a dedicated probe for intraoperative cryoanalgesia to implement a unique and effective pain management therapy for cardiothoracic surgery\u201d<\/p>\n\n\n\n<p>(nr Umowy:&nbsp;<strong>2022\/ABM\/02\/00019-00<\/strong>),<\/p>\n\n\n\n<p>dla kt\u00f3rego Sp\u00f3\u0142ka otrzyma\u0142a od Agencji Bada\u0144 Medycznych dofinansowanie ze \u015brodk\u00f3w publicznych Bud\u017cetu Pa\u0144stwa w ramach \u201cKonkursu dla przedsi\u0119biorstw na finansowanie opracowania, oceny dzia\u0142ania, oceny klinicznej innowacyjnych wyrob\u00f3w medycznych\u201d oraz obowi\u0105zkiem dokonywania zakup\u00f3w w oparciu o najbardziej korzystn\u0105 ekonomicznie ofert\u0119, z zachowaniem zasad uczciwej konkurencji, efektywno\u015bci, jawno\u015bci i przejrzysto\u015bci, Metrum Cryoflex Sp. z o.o.&nbsp;<strong>sk\u0142ada zapytanie ofertowe dotycz\u0105ce \u201eUs\u0142ugi polegaj\u0105cej na wykonaniu cz\u0119\u015bci oprogramowania steruj\u0105cego do wyrobu medycznego, w zakresie oprogramowania modu\u0142u HMI, w sk\u0142ad kt\u00f3rego wchodzi interfejs u\u017cytkownika z\u0142o\u017cony z maksymalnie 13 r\u00f3\u017cnych ekran\u00f3w oraz komunikat\u00f3w d\u017awi\u0119kowych.\u201d,&nbsp; szczeg\u00f3\u0142owo opisanych w pkt. III niniejszego zapytania.<\/strong><\/p>\n\n\n\n<hr class=\"wp-block-separator has-alpha-channel-opacity\"\/>\n\n\n\n<p>Szczeg\u00f3\u0142y zapytania zawarte s\u0105 w za\u0142\u0105czniku \u201eZapytanie ofertowe oprogramowanie\u201d<\/p>\n\n\n\n<p><strong>Za\u0142\u0105czniki:<\/strong><\/p>\n\n\n\n<ol class=\"wp-block-list\">\n<li><a href=\"https:\/\/www.metrum.com.pl\/wp-content\/uploads\/2025\/05\/Zalacznik_nr_1-Formularz-ofertowy.docx\">Za\u0142\u0105cznik nr 1 - Formularz ofertowy<\/a><\/li>\n\n\n\n<li><a href=\"https:\/\/www.metrum.com.pl\/wp-content\/uploads\/2025\/05\/Zalacznik_nr_2-Oswiadczenia.docx\">Za\u0142\u0105cznik nr 2 - O\u015bwiadczenia<\/a><\/li>\n\n\n\n<li><a href=\"https:\/\/www.metrum.com.pl\/wp-content\/uploads\/2025\/05\/Zapytanie-ofertowe-oprogramowanie.pdf\">Zapytanie ofertowe - oprogramowanie<\/a><\/li>\n<\/ol>\n\n\n\n<p><\/p>","protected":false},"excerpt":{"rendered":"<p>ZAPYTANIE OFERTOWE ABM\/3\/2024 W zwi\u0105zku z realizacj\u0105 projektu badawczo-rozwojowego pt. \u201eDevelopment of an innovative device with a dedicated probe for intraoperative cryoanalgesia to implement a unique and effective pain management therapy for cardiothoracic surgery\u201d (nr Umowy:&nbsp;2022\/ABM\/02\/00019-00), dla kt\u00f3rego Sp\u00f3\u0142ka otrzyma\u0142a od Agencji Bada\u0144 Medycznych dofinansowanie ze \u015brodk\u00f3w publicznych Bud\u017cetu Pa\u0144stwa w ramach \u201cKonkursu dla przedsi\u0119biorstw [&hellip;]<\/p>","protected":false},"author":1,"featured_media":0,"parent":106299,"menu_order":0,"comment_status":"closed","ping_status":"closed","template":"","meta":{"_acf_changed":false,"_seopress_robots_primary_cat":"","_seopress_titles_title":"","_seopress_titles_desc":"","_seopress_robots_index":"","inline_featured_image":false,"footnotes":""},"class_list":["post-106621","page","type-page","status-publish","hentry"],"acf":[],"_links":{"self":[{"href":"https:\/\/www.metrum.com.pl\/pt\/wp-json\/wp\/v2\/pages\/106621","targetHints":{"allow":["GET"]}}],"collection":[{"href":"https:\/\/www.metrum.com.pl\/pt\/wp-json\/wp\/v2\/pages"}],"about":[{"href":"https:\/\/www.metrum.com.pl\/pt\/wp-json\/wp\/v2\/types\/page"}],"author":[{"embeddable":true,"href":"https:\/\/www.metrum.com.pl\/pt\/wp-json\/wp\/v2\/users\/1"}],"replies":[{"embeddable":true,"href":"https:\/\/www.metrum.com.pl\/pt\/wp-json\/wp\/v2\/comments?post=106621"}],"version-history":[{"count":2,"href":"https:\/\/www.metrum.com.pl\/pt\/wp-json\/wp\/v2\/pages\/106621\/revisions"}],"predecessor-version":[{"id":106628,"href":"https:\/\/www.metrum.com.pl\/pt\/wp-json\/wp\/v2\/pages\/106621\/revisions\/106628"}],"up":[{"embeddable":true,"href":"https:\/\/www.metrum.com.pl\/pt\/wp-json\/wp\/v2\/pages\/106299"}],"wp:attachment":[{"href":"https:\/\/www.metrum.com.pl\/pt\/wp-json\/wp\/v2\/media?parent=106621"}],"curies":[{"name":"wp","href":"https:\/\/api.w.org\/{rel}","templated":true}]}}