{"id":106635,"date":"2025-05-17T13:26:58","date_gmt":"2025-05-17T11:26:58","guid":{"rendered":"https:\/\/www.metrum.com.pl\/?page_id=106635"},"modified":"2025-05-19T11:38:37","modified_gmt":"2025-05-19T09:38:37","slug":"informacja-o-wyniku-wyboru-oferty-z-postepowania-o-udzielenie-zamowienia-na-realizacje-uslugi-dotyczy-zapytania-ofertowego-nr-abm-4-2024-z-dnia-24-10-2024r","status":"publish","type":"page","link":"https:\/\/www.metrum.com.pl\/pt\/projetos-pl\/informacja-o-wyniku-wyboru-oferty-z-postepowania-o-udzielenie-zamowienia-na-realizacje-uslugi-dotyczy-zapytania-ofertowego-nr-abm-4-2024-z-dnia-24-10-2024r\/","title":{"rendered":"Informacja o wyniku wyboru oferty z post\u0119powania o udzielenie zam\u00f3wienia na realizacj\u0119 us\u0142ugi. Dotyczy zapytania ofertowego nr ABM\/4\/2024 z dnia 24.10.2024r."},"content":{"rendered":"<p><strong>I<\/strong><strong>INFORMACJA O WYNIKU WYBORU OFERTY<\/strong><\/p>\n\n\n\n<p>z post\u0119powania o udzielenie zam\u00f3wienia na<\/p>\n\n\n\n<p>\u201eCZ\u0118\u015a\u0106 I: Us\u0142uga zaprojektowania i wykonania prototyp\u00f3w form do uchwytu do sondy jednorazowego u\u017cytku wraz z parti\u0105 prototypow\u0105 min. 200 szt.<\/p>\n\n\n\n<p>CZ\u0118\u015a\u0106 II: Us\u0142uga zaprojektowania i wykonania prototyp\u00f3w form do wtyku do all-in-one wraz z parti\u0105 prototypow\u0105 min. 200 szt.\u201d<\/p>\n\n\n\n<p>Informujemy, \u017ce w zwi\u0105zku z realizacj\u0105 projektu pt.: \u201eDevelopment of an innovative device with a dedicated probe for intraoperative cryoanalgesia to implement a unique and effective pain management therapy for cardiothoracic surgery\u201d(nr. projektu 2022\/ABM\/02\/00019-00), dla kt\u00f3rego Sp\u00f3\u0142ka otrzyma\u0142a od Agencji Bada\u0144 Medycznych dofinansowanie ze \u015brodk\u00f3w publicznych Bud\u017cetu Pa\u0144stwa oraz&nbsp;obowi\u0105zkiem dokonywania zakup\u00f3w w oparciu o najbardziej korzystn\u0105 ekonomicznie ofert\u0119, z zachowaniem zasad uczciwej konkurencji, efektywno\u015bci, jawno\u015bci i przejrzysto\u015bci, Metrum Cryoflex Sp. z o.o. zako\u0144czy\u0142a post\u0119powanie dotycz\u0105ce zakupu us\u0142ugi sk\u0142adaj\u0105cej si\u0119 z<\/p>\n\n\n\n<p>\u201eCZ\u0118\u015aCI I: Us\u0142uga zaprojektowania i wykonania prototyp\u00f3w form do uchwytu do sondy jednorazowego u\u017cytku wraz z parti\u0105 prototypow\u0105 min. 200 szt.<\/p>\n\n\n\n<p>CZ\u0118\u015aCI II: Us\u0142uga zaprojektowania i wykonania prototyp\u00f3w form do wtyku do all-in-one wraz z parti\u0105 prototypow\u0105 min. 200 szt.\u201d<\/p>\n\n\n\n<p>Informujemy, \u017ce w oparciu o ustalone kryteria NAJWY\u017bSZ\u0104 LICZB\u0118 PUNKT\u00d3W OTRZYMA\u0141A OFERTA:<\/p>\n\n\n\n<p><strong>WADIM PLAST SP. Z O.O.<\/strong><\/p>\n\n\n\n<p><strong>Graniczna 10<\/strong><\/p>\n\n\n\n<p><strong>05-816 Regu\u0142y<\/strong><\/p>\n\n\n\n<p>CZ\u0118\u015a\u0106 I: Us\u0142uga zaprojektowania i wykonania prototyp\u00f3w form do uchwytu do sondy jednorazowego u\u017cytku wraz z parti\u0105 prototypow\u0105 min. 200 szt. - na kwot\u0119 90.200,00 PLN netto + VAT<\/p>\n\n\n\n<p>CZ\u0118\u015a\u0106 II: Us\u0142uga zaprojektowania i wykonania prototyp\u00f3w form do wtyku do all-in-one wraz z parti\u0105 prototypow\u0105 min. 200 szt. - na kwot\u0119 217.200,00 PLN netto + VAT<\/p>\n\n\n\n<p>Wybrana oferta wp\u0142yn\u0119\u0142a do Metrum Cryoflex Sp. z o.o. w wyznaczonym terminie, zawiera\u0142a wymagane w&nbsp;zapytaniu dokumenty i nie zawiera\u0142a wad formalnych warunkuj\u0105cych dopuszczenie do post\u0119powania.<\/p>\n\n\n\n<p>Z powa\u017caniem<\/p>\n\n\n\n<p>Zesp\u00f3\u0142 Metrum Cryoflex Sp. z o.o.<\/p>\n\n\n\n<p><a href=\"https:\/\/www.metrum.com.pl\/wp-content\/uploads\/2025\/05\/INFORMACJA-O-WYNIKU_Formy-do-rekojesci-i-wtyku.pdf\"><strong>Pobierz plik z informacj\u0105 o wyniku wyboru (pdf)<\/strong><\/a><\/p>","protected":false},"excerpt":{"rendered":"<p>IINFORMACJA O WYNIKU WYBORU OFERTY z post\u0119powania o udzielenie zam\u00f3wienia na \u201eCZ\u0118\u015a\u0106 I: Us\u0142uga zaprojektowania i wykonania prototyp\u00f3w form do uchwytu do sondy jednorazowego u\u017cytku wraz z parti\u0105 prototypow\u0105 min. 200 szt. CZ\u0118\u015a\u0106 II: Us\u0142uga zaprojektowania i wykonania prototyp\u00f3w form do wtyku do all-in-one wraz z parti\u0105 prototypow\u0105 min. 200 szt.\u201d Informujemy, \u017ce w zwi\u0105zku [&hellip;]<\/p>","protected":false},"author":1,"featured_media":0,"parent":106299,"menu_order":0,"comment_status":"closed","ping_status":"closed","template":"","meta":{"_acf_changed":false,"_seopress_robots_primary_cat":"","_seopress_titles_title":"","_seopress_titles_desc":"","_seopress_robots_index":"","inline_featured_image":false,"footnotes":""},"class_list":["post-106635","page","type-page","status-publish","hentry"],"acf":[],"_links":{"self":[{"href":"https:\/\/www.metrum.com.pl\/pt\/wp-json\/wp\/v2\/pages\/106635","targetHints":{"allow":["GET"]}}],"collection":[{"href":"https:\/\/www.metrum.com.pl\/pt\/wp-json\/wp\/v2\/pages"}],"about":[{"href":"https:\/\/www.metrum.com.pl\/pt\/wp-json\/wp\/v2\/types\/page"}],"author":[{"embeddable":true,"href":"https:\/\/www.metrum.com.pl\/pt\/wp-json\/wp\/v2\/users\/1"}],"replies":[{"embeddable":true,"href":"https:\/\/www.metrum.com.pl\/pt\/wp-json\/wp\/v2\/comments?post=106635"}],"version-history":[{"count":3,"href":"https:\/\/www.metrum.com.pl\/pt\/wp-json\/wp\/v2\/pages\/106635\/revisions"}],"predecessor-version":[{"id":106658,"href":"https:\/\/www.metrum.com.pl\/pt\/wp-json\/wp\/v2\/pages\/106635\/revisions\/106658"}],"up":[{"embeddable":true,"href":"https:\/\/www.metrum.com.pl\/pt\/wp-json\/wp\/v2\/pages\/106299"}],"wp:attachment":[{"href":"https:\/\/www.metrum.com.pl\/pt\/wp-json\/wp\/v2\/media?parent=106635"}],"curies":[{"name":"wp","href":"https:\/\/api.w.org\/{rel}","templated":true}]}}