{"id":106646,"date":"2025-05-19T11:23:01","date_gmt":"2025-05-19T09:23:01","guid":{"rendered":"https:\/\/www.metrum.com.pl\/?page_id=106646"},"modified":"2025-05-19T11:33:05","modified_gmt":"2025-05-19T09:33:05","slug":"zapytanie-ofertowe-abm-4-2024","status":"publish","type":"page","link":"https:\/\/www.metrum.com.pl\/pt\/projetos-pl\/zapytanie-ofertowe-abm-4-2024\/","title":{"rendered":"Zapytanie ofertowe ABM\/4\/2024"},"content":{"rendered":"<p>Zamawiaj\u0105cy informuje, \u017ce ze wzgl\u0119du na fakt, i\u017c przedmiot zam\u00f3wienia stanowi sk\u0142adow\u0105 projektu charakteryzuj\u0105cego si\u0119 wysokim poziomem innowacyjno\u015bci, szczeg\u00f3\u0142y w zakresie jego wykonania stanowi\u0105 tajemnic\u0119 przedsi\u0119biorstwa. W zwi\u0105zku z powy\u017cszym, Sp\u00f3\u0142ka szczeg\u00f3\u0142owy opis przedmiotu zam\u00f3wienia w tym dokumentacji technicznej, projekt\u00f3w i rysunk\u00f3w dotycz\u0105cych przedmiotu zam\u00f3wienia przeka\u017ce Oferentom zainteresowanym z\u0142o\u017ceniem oferty po otrzymaniu od nich&nbsp;<strong>O\u015bwiadczenia o zachowaniu poufno\u015bci<\/strong>.<\/p>\n\n\n\n<p><strong>O\u015bwiadczenie o zachowaniu poufno\u015bci&nbsp;<\/strong>stanowi\u0105ce jeden z za\u0142\u0105cznik\u00f3w do publikacji (podpisane przez osoby umocowane do reprezentacji Oferenta) prosimy przesy\u0142a\u0107 na adres mailowy osoby wyznaczonej do kontaktu (<a href=\"mailto:rafal.pyzel@metrum.com.pl\">rafal.pyzel@metrum.com.pl<\/a>).<\/p>\n\n\n\n<p>realizuj\u0105c projekt pt. \u201e<em>Development of an innovative device with a&nbsp;dedicated probe for intraoperative cryoanalgesia to implement a unique and effective pain management therapy for cardiothoracic surgery<\/em>\u201d (nr Umowy:&nbsp;<strong>2022\/ABM\/02\/00019-00<\/strong>), dla kt\u00f3rego Sp\u00f3\u0142ka otrzyma\u0142a od Agencji Bada\u0144 Medycznych dofinansowanie ze \u015brodk\u00f3w publicznych Bud\u017cetu Pa\u0144stwa w ramach&nbsp;<em>\u201cKonkursu dla przedsi\u0119biorstw na finansowanie opracowania, oceny dzia\u0142ania, oceny klinicznej innowacyjnych wyrob\u00f3w medycznych\u201d&nbsp;<\/em>oraz&nbsp;obowi\u0105zkiem dokonywania zakup\u00f3w w oparciu o najbardziej korzystn\u0105 ekonomicznie ofert\u0119, z zachowaniem zasad uczciwej konkurencji, efektywno\u015bci, jawno\u015bci i przejrzysto\u015bci, Metrum Cryoflex Sp. z o.o. serdecznie zaprasza do udzia\u0142u w post\u0119powaniu ofertowym nr ABM\/4\/2024 (Og\u0142oszenie w Bazie nr 2024-36189-202977) na realizacj\u0119<strong>&nbsp;us\u0142ugi badawczej sk\u0142adaj\u0105cej si\u0119 z dw\u00f3ch cz\u0119\u015bci:<\/strong><\/p>\n\n\n\n<p><strong>CZ\u0118\u015a\u0106 I:<\/strong>&nbsp;<em>Us\u0142uga zaprojektowania i wykonania prototyp\u00f3w form do uchwytu do sondy jednorazowego u\u017cytku wraz z parti\u0105 prototypow\u0105 min. 200 szt.<\/em><\/p>\n\n\n\n<p><strong>CZ\u0118\u015a\u0106 II:&nbsp;<\/strong><em>Us\u0142uga zaprojektowania i wykonania prototyp\u00f3w form do wtyku do all-in-one wraz z parti\u0105 prototypow\u0105 min. 200 szt.<\/em><\/p>\n\n\n\n<p><strong>Oferty nale\u017cy sk\u0142ada\u0107 do 31.10.2024 do ko\u0144ca dnia.<\/strong><\/p>\n\n\n\n<p>Za\u0142\u0105czniki:<\/p>\n\n\n\n<p><a href=\"https:\/\/www.metrum.com.pl\/wp-content\/uploads\/2025\/05\/Zapytanie-ofertowe-formy.pdf\">Zapytanie ofertowe - formy, plik pdf<\/a><\/p>\n\n\n\n<p><a href=\"https:\/\/www.metrum.com.pl\/wp-content\/uploads\/2025\/05\/Zalacznik-nr-1-Formularz-ofertowy-2.docx\">Formularz ofertowy, plik docx<\/a><\/p>\n\n\n\n<p><a href=\"https:\/\/www.metrum.com.pl\/wp-content\/uploads\/2025\/05\/Zalacznik-nr-2-Oswiadczenia-2.docx\">O\u015bwiadczenia, plik docx<\/a><\/p>\n\n\n\n<p><a href=\"https:\/\/www.metrum.com.pl\/wp-content\/uploads\/2025\/05\/Zalacznik-nr-3-Oswiadczenie-o-poufnosci.doc\">O\u015bwiadczenie o poufno\u015bci, plik doc<\/a><\/p>","protected":false},"excerpt":{"rendered":"<p>Zamawiaj\u0105cy informuje, \u017ce ze wzgl\u0119du na fakt, i\u017c przedmiot zam\u00f3wienia stanowi sk\u0142adow\u0105 projektu charakteryzuj\u0105cego si\u0119 wysokim poziomem innowacyjno\u015bci, szczeg\u00f3\u0142y w zakresie jego wykonania stanowi\u0105 tajemnic\u0119 przedsi\u0119biorstwa. W zwi\u0105zku z powy\u017cszym, Sp\u00f3\u0142ka szczeg\u00f3\u0142owy opis przedmiotu zam\u00f3wienia w tym dokumentacji technicznej, projekt\u00f3w i rysunk\u00f3w dotycz\u0105cych przedmiotu zam\u00f3wienia przeka\u017ce Oferentom zainteresowanym z\u0142o\u017ceniem oferty po otrzymaniu od nich&nbsp;O\u015bwiadczenia o [&hellip;]<\/p>","protected":false},"author":1,"featured_media":0,"parent":106299,"menu_order":0,"comment_status":"closed","ping_status":"closed","template":"","meta":{"_acf_changed":false,"_seopress_robots_primary_cat":"","_seopress_titles_title":"","_seopress_titles_desc":"","_seopress_robots_index":"","inline_featured_image":false,"footnotes":""},"class_list":["post-106646","page","type-page","status-publish","hentry"],"acf":[],"_links":{"self":[{"href":"https:\/\/www.metrum.com.pl\/pt\/wp-json\/wp\/v2\/pages\/106646","targetHints":{"allow":["GET"]}}],"collection":[{"href":"https:\/\/www.metrum.com.pl\/pt\/wp-json\/wp\/v2\/pages"}],"about":[{"href":"https:\/\/www.metrum.com.pl\/pt\/wp-json\/wp\/v2\/types\/page"}],"author":[{"embeddable":true,"href":"https:\/\/www.metrum.com.pl\/pt\/wp-json\/wp\/v2\/users\/1"}],"replies":[{"embeddable":true,"href":"https:\/\/www.metrum.com.pl\/pt\/wp-json\/wp\/v2\/comments?post=106646"}],"version-history":[{"count":2,"href":"https:\/\/www.metrum.com.pl\/pt\/wp-json\/wp\/v2\/pages\/106646\/revisions"}],"predecessor-version":[{"id":106654,"href":"https:\/\/www.metrum.com.pl\/pt\/wp-json\/wp\/v2\/pages\/106646\/revisions\/106654"}],"up":[{"embeddable":true,"href":"https:\/\/www.metrum.com.pl\/pt\/wp-json\/wp\/v2\/pages\/106299"}],"wp:attachment":[{"href":"https:\/\/www.metrum.com.pl\/pt\/wp-json\/wp\/v2\/media?parent=106646"}],"curies":[{"name":"wp","href":"https:\/\/api.w.org\/{rel}","templated":true}]}}