{"id":106665,"date":"2025-05-19T11:46:43","date_gmt":"2025-05-19T09:46:43","guid":{"rendered":"https:\/\/www.metrum.com.pl\/?page_id=106665"},"modified":"2025-05-19T11:49:56","modified_gmt":"2025-05-19T09:49:56","slug":"informacja-o-wyniku-wyboru-oferty-z-postepowania-o-udzielenie-zamowienia-na-realizacje-uslugi-dotyczy-zapytania-ofertowego-nr-abm-5-2024-z-dnia-07-11-2024r-2","status":"publish","type":"page","link":"https:\/\/www.metrum.com.pl\/pt\/projetos-pl\/informacja-o-wyniku-wyboru-oferty-z-postepowania-o-udzielenie-zamowienia-na-realizacje-uslugi-dotyczy-zapytania-ofertowego-nr-abm-5-2024-z-dnia-07-11-2024r-2\/","title":{"rendered":"Informacja o wyniku wyboru oferty z post\u0119powania o udzielenie zam\u00f3wienia na realizacj\u0119 us\u0142ugi. DOTYCZY ZAPYTANIA OFERTOWEGO NR ABM\/5\/2024 Z DNIA 07.11.2024R."},"content":{"rendered":"<p><strong>INFORMACJA O WYNIKU WYBORU OFERTY<\/strong><\/p>\n\n\n\n<p>z post\u0119powania o udzielenie zam\u00f3wienia na<\/p>\n\n\n\n<p>\u201eUs\u0142ug\u0119 zaprojektowania obudowy do urz\u0105dzenia medycznego wraz z w\u00f3zkiem zgodnie z lini\u0105 wzornicz\u0105 firmy oraz wykonanie prototyp\u00f3w funkcjonalnych\u201d<\/p>\n\n\n\n<p>Informujemy, \u017ce w zwi\u0105zku z realizacj\u0105 projektu pt.: \u201e<em>Development of an innovative device with a dedicated probe for intraoperative cryoanalgesia to implement a unique and effective pain management therapy for cardiothoracic surgery<\/em>\u201d(nr. projektu 2022\/ABM\/02\/00019-00), dla kt\u00f3rego Sp\u00f3\u0142ka otrzyma\u0142a od Agencji Bada\u0144 Medycznych dofinansowanie ze \u015brodk\u00f3w publicznych Bud\u017cetu Pa\u0144stwa oraz&nbsp;obowi\u0105zkiem dokonywania zakup\u00f3w w oparciu o najbardziej korzystn\u0105 ekonomicznie ofert\u0119, z zachowaniem zasad uczciwej konkurencji, efektywno\u015bci, jawno\u015bci i przejrzysto\u015bci, Metrum Cryoflex Sp. z o.o. zako\u0144czy\u0142a post\u0119powanie dotycz\u0105ce zakupu \u201e<em>Us\u0142ugi zaprojektowania obudowy do urz\u0105dzenia medycznego wraz z w\u00f3zkiem zgodnie z lini\u0105 wzornicz\u0105 firmy oraz wykonanie prototyp\u00f3w funkcjonalnych\u201d.<\/em><\/p>\n\n\n\n<p>Informujemy, \u017ce w oparciu o ustalone kryteria NAJWY\u017bSZ\u0104 LICZB\u0118 PUNKT\u00d3W OTRZYMA\u0141A OFERTA:<\/p>\n\n\n\n<p><strong>2sympleks sp. z o.o.&nbsp;<\/strong><br>ul. Konstruktorska 6, 02-673 Warszawa<\/p>\n\n\n\n<p>120 000,00 PLN netto + VAT<\/p>\n\n\n\n<p>Wybrana oferta wp\u0142yn\u0119\u0142a do Metrum Cryoflex Sp. z o.o. w wyznaczonym terminie, zawiera\u0142a wymagane w zapytaniu dokumenty i nie zawiera\u0142a wad formalnych warunkuj\u0105cych dopuszczenie do post\u0119powania.<\/p>\n\n\n\n<p>Z powa\u017caniem<\/p>\n\n\n\n<p>Zesp\u00f3\u0142 Metrum Cryoflex Sp. z o.o.<\/p>\n\n\n\n<p><a href=\"https:\/\/www.metrum.com.pl\/wp-content\/uploads\/2025\/05\/INFORM_O_WYNIKU_Obudowa.pdf\">Informacja o wyniku wyboru oferty (plik pdf)<\/a><\/p>","protected":false},"excerpt":{"rendered":"<p>INFORMACJA O WYNIKU WYBORU OFERTY z post\u0119powania o udzielenie zam\u00f3wienia na \u201eUs\u0142ug\u0119 zaprojektowania obudowy do urz\u0105dzenia medycznego wraz z w\u00f3zkiem zgodnie z lini\u0105 wzornicz\u0105 firmy oraz wykonanie prototyp\u00f3w funkcjonalnych\u201d Informujemy, \u017ce w zwi\u0105zku z realizacj\u0105 projektu pt.: \u201eDevelopment of an innovative device with a dedicated probe for intraoperative cryoanalgesia to implement a unique and effective [&hellip;]<\/p>","protected":false},"author":1,"featured_media":0,"parent":106299,"menu_order":0,"comment_status":"closed","ping_status":"closed","template":"","meta":{"_acf_changed":false,"_seopress_robots_primary_cat":"","_seopress_titles_title":"","_seopress_titles_desc":"","_seopress_robots_index":"","inline_featured_image":false,"footnotes":""},"class_list":["post-106665","page","type-page","status-publish","hentry"],"acf":[],"_links":{"self":[{"href":"https:\/\/www.metrum.com.pl\/pt\/wp-json\/wp\/v2\/pages\/106665","targetHints":{"allow":["GET"]}}],"collection":[{"href":"https:\/\/www.metrum.com.pl\/pt\/wp-json\/wp\/v2\/pages"}],"about":[{"href":"https:\/\/www.metrum.com.pl\/pt\/wp-json\/wp\/v2\/types\/page"}],"author":[{"embeddable":true,"href":"https:\/\/www.metrum.com.pl\/pt\/wp-json\/wp\/v2\/users\/1"}],"replies":[{"embeddable":true,"href":"https:\/\/www.metrum.com.pl\/pt\/wp-json\/wp\/v2\/comments?post=106665"}],"version-history":[{"count":1,"href":"https:\/\/www.metrum.com.pl\/pt\/wp-json\/wp\/v2\/pages\/106665\/revisions"}],"predecessor-version":[{"id":106667,"href":"https:\/\/www.metrum.com.pl\/pt\/wp-json\/wp\/v2\/pages\/106665\/revisions\/106667"}],"up":[{"embeddable":true,"href":"https:\/\/www.metrum.com.pl\/pt\/wp-json\/wp\/v2\/pages\/106299"}],"wp:attachment":[{"href":"https:\/\/www.metrum.com.pl\/pt\/wp-json\/wp\/v2\/media?parent=106665"}],"curies":[{"name":"wp","href":"https:\/\/api.w.org\/{rel}","templated":true}]}}