{"id":106836,"date":"2025-09-03T10:04:22","date_gmt":"2025-09-03T08:04:22","guid":{"rendered":"https:\/\/www.metrum.com.pl\/?page_id=106836"},"modified":"2025-09-03T13:24:37","modified_gmt":"2025-09-03T11:24:37","slug":"zapytanie-ofertowe-abm-4-2025","status":"publish","type":"page","link":"https:\/\/www.metrum.com.pl\/pt\/projetos-pl\/zapytanie-ofertowe-abm-4-2025\/","title":{"rendered":"Zapytanie ofertowe ABM\/4\/2025"},"content":{"rendered":"<p>W zwi\u0105zku z realizacj\u0105 projektu badawczo-rozwojowego<\/p>\n\n\n\n<p><br>pt.&nbsp;<strong><em>\u201eDevelopment of an innovative device with a dedicated probe for intraoperative cryoanalgesia to implement a unique and effective pain management therapy for cardiothoracic surgery\u201d<\/em><\/strong><\/p>\n\n\n\n<p><strong><em>(nr Umowy: 2022\/ABM\/02\/00019-00),<\/em><\/strong><\/p>\n\n\n\n<p>dla kt\u00f3rego Sp\u00f3\u0142ka otrzyma\u0142a od Agencji Bada\u0144 Medycznych dofinansowanie ze \u015brodk\u00f3w publicznych Bud\u017cetu Pa\u0144stwa w ramach \u201cKonkursu dla przedsi\u0119biorstw na finansowanie opracowania, oceny dzia\u0142ania, oceny klinicznej innowacyjnych wyrob\u00f3w medycznych\u201d oraz obowi\u0105zkiem dokonywania zakup\u00f3w w oparciu o najbardziej korzystn\u0105 ekonomicznie ofert\u0119, z zachowaniem zasad uczciwej konkurencji, efektywno\u015bci, jawno\u015bci i przejrzysto\u015bci, Metrum Cryoflex Sp. z o.o.&nbsp;<strong>sk\u0142ada zapytanie ofertowe dotycz\u0105ce<\/strong><\/p>\n\n\n\n<p><strong>\u201e<em>Us\u0142ugi wykonania badania przyspieszonego starzenia oraz test\u00f3w w\u0142a\u015bciwo\u015bci opakowa\u0144 i ja\u0142owo\u015bci jednorazowej sondy kriochirurgicznej\u201d,<\/em><br>szczeg\u00f3\u0142owo opisanych w pkt. III niniejszego zapytania.<\/strong><\/p>\n\n\n\n<p><strong>Oferty nale\u017cy sk\u0142ada\u0107 do 10.09.2025 do ko\u0144ca dnia.<\/strong><\/p>\n\n\n\n<div style=\"height:100px\" aria-hidden=\"true\" class=\"wp-block-spacer\"><\/div>\n\n\n\n<p><strong>Za\u0142\u0105czniki:<\/strong><\/p>\n\n\n\n<p><a href=\"https:\/\/www.metrum.com.pl\/wp-content\/uploads\/2025\/09\/Zapytanie-ofertowe-ABM_04_2025.pdf\">Zapytanie ofertowe <\/a><\/p>\n\n\n\n<p><a href=\"https:\/\/www.metrum.com.pl\/wp-content\/uploads\/2025\/09\/Zalacznik-nr-1-Formularz-ofertowy.docx\">Za\u0142a\u0328cznik nr 1 - Formularz ofertowy<\/a><\/p>\n\n\n\n<p><a href=\"https:\/\/www.metrum.com.pl\/wp-content\/uploads\/2025\/09\/Zalacznik-nr-2-Oswiadczenia.docx\">Za\u0142\u0105cznik nr 2 - O\u015bwiadczenia<\/a><\/p>\n\n\n\n<p><a href=\"https:\/\/www.metrum.com.pl\/wp-content\/uploads\/2025\/09\/Zalacznik-nr-3-Oswiadczenia-sankcje.docx\">Za\u0142a\u0328cznik nr 3 - Os\u0301wiadczenia sankcje<\/a><\/p>\n\n\n\n<p><\/p>","protected":false},"excerpt":{"rendered":"<p>W zwi\u0105zku z realizacj\u0105 projektu badawczo-rozwojowego pt.&nbsp;\u201eDevelopment of an innovative device with a dedicated probe for intraoperative cryoanalgesia to implement a unique and effective pain management therapy for cardiothoracic surgery\u201d (nr Umowy: 2022\/ABM\/02\/00019-00), dla kt\u00f3rego Sp\u00f3\u0142ka otrzyma\u0142a od Agencji Bada\u0144 Medycznych dofinansowanie ze \u015brodk\u00f3w publicznych Bud\u017cetu Pa\u0144stwa w ramach \u201cKonkursu dla przedsi\u0119biorstw na finansowanie opracowania, [&hellip;]<\/p>","protected":false},"author":4,"featured_media":0,"parent":106299,"menu_order":0,"comment_status":"closed","ping_status":"closed","template":"","meta":{"_acf_changed":false,"_seopress_robots_primary_cat":"","_seopress_titles_title":"","_seopress_titles_desc":"","_seopress_robots_index":"","inline_featured_image":false,"footnotes":""},"class_list":["post-106836","page","type-page","status-publish","hentry"],"acf":[],"_links":{"self":[{"href":"https:\/\/www.metrum.com.pl\/pt\/wp-json\/wp\/v2\/pages\/106836","targetHints":{"allow":["GET"]}}],"collection":[{"href":"https:\/\/www.metrum.com.pl\/pt\/wp-json\/wp\/v2\/pages"}],"about":[{"href":"https:\/\/www.metrum.com.pl\/pt\/wp-json\/wp\/v2\/types\/page"}],"author":[{"embeddable":true,"href":"https:\/\/www.metrum.com.pl\/pt\/wp-json\/wp\/v2\/users\/4"}],"replies":[{"embeddable":true,"href":"https:\/\/www.metrum.com.pl\/pt\/wp-json\/wp\/v2\/comments?post=106836"}],"version-history":[{"count":5,"href":"https:\/\/www.metrum.com.pl\/pt\/wp-json\/wp\/v2\/pages\/106836\/revisions"}],"predecessor-version":[{"id":106850,"href":"https:\/\/www.metrum.com.pl\/pt\/wp-json\/wp\/v2\/pages\/106836\/revisions\/106850"}],"up":[{"embeddable":true,"href":"https:\/\/www.metrum.com.pl\/pt\/wp-json\/wp\/v2\/pages\/106299"}],"wp:attachment":[{"href":"https:\/\/www.metrum.com.pl\/pt\/wp-json\/wp\/v2\/media?parent=106836"}],"curies":[{"name":"wp","href":"https:\/\/api.w.org\/{rel}","templated":true}]}}