{"id":125,"date":"2024-12-16T23:38:32","date_gmt":"2024-12-16T22:38:32","guid":{"rendered":"https:\/\/new.metrum.com.pl\/?page_id=125"},"modified":"2025-03-28T11:13:09","modified_gmt":"2025-03-28T10:13:09","slug":"crioanalgesia","status":"publish","type":"page","link":"https:\/\/www.metrum.com.pl\/pt\/produtos-medicos\/crioanalgesia\/","title":{"rendered":"Crioanalgesia"},"content":{"rendered":"","protected":false},"excerpt":{"rendered":"","protected":false},"author":1,"featured_media":0,"parent":622,"menu_order":0,"comment_status":"closed","ping_status":"closed","template":"","meta":{"_acf_changed":false,"_seopress_robots_primary_cat":"","_seopress_titles_title":"Krioanalgezja leczenie b\u00f3lu operacyjnego i przewlek\u0142ego - Metrum Cryoflex","_seopress_titles_desc":"Krioanalgezja to nowoczesna metoda u\u015bmierzania b\u00f3lu przez mro\u017cenie nerw\u00f3w. Skuteczna alternatywa dla lek\u00f3w \u2013 precyzyjna, bezpieczna i d\u0142ugotrwa\u0142a terapia.","_seopress_robots_index":"","inline_featured_image":false,"footnotes":""},"class_list":["post-125","page","type-page","status-publish","hentry"],"acf":[],"_links":{"self":[{"href":"https:\/\/www.metrum.com.pl\/pt\/wp-json\/wp\/v2\/pages\/125","targetHints":{"allow":["GET"]}}],"collection":[{"href":"https:\/\/www.metrum.com.pl\/pt\/wp-json\/wp\/v2\/pages"}],"about":[{"href":"https:\/\/www.metrum.com.pl\/pt\/wp-json\/wp\/v2\/types\/page"}],"author":[{"embeddable":true,"href":"https:\/\/www.metrum.com.pl\/pt\/wp-json\/wp\/v2\/users\/1"}],"replies":[{"embeddable":true,"href":"https:\/\/www.metrum.com.pl\/pt\/wp-json\/wp\/v2\/comments?post=125"}],"version-history":[{"count":1,"href":"https:\/\/www.metrum.com.pl\/pt\/wp-json\/wp\/v2\/pages\/125\/revisions"}],"predecessor-version":[{"id":106432,"href":"https:\/\/www.metrum.com.pl\/pt\/wp-json\/wp\/v2\/pages\/125\/revisions\/106432"}],"up":[{"embeddable":true,"href":"https:\/\/www.metrum.com.pl\/pt\/wp-json\/wp\/v2\/pages\/622"}],"wp:attachment":[{"href":"https:\/\/www.metrum.com.pl\/pt\/wp-json\/wp\/v2\/media?parent=125"}],"curies":[{"name":"wp","href":"https:\/\/api.w.org\/{rel}","templated":true}]}}