{"id":365,"date":"2025-01-04T03:05:00","date_gmt":"2025-01-04T02:05:00","guid":{"rendered":"https:\/\/new.metrum.com.pl\/cryo-s-painless-do-krioanalgezji-w-bolu-pooperacyjnym-copy\/"},"modified":"2025-03-20T15:06:30","modified_gmt":"2025-03-20T14:06:30","slug":"cryo-s-mini-dispositivo-de-criocirurgia","status":"publish","type":"page","link":"https:\/\/www.metrum.com.pl\/pt\/produtos-medicos\/criocirurgia\/cryo-s-mini-dispositivo-de-criocirurgia\/","title":{"rendered":"CRYO-S Mini \u2013 dispositivo de criocirurgia"},"content":{"rendered":"","protected":false},"excerpt":{"rendered":"","protected":false},"author":1,"featured_media":0,"parent":193,"menu_order":0,"comment_status":"closed","ping_status":"closed","template":"","meta":{"_acf_changed":false,"_seopress_robots_primary_cat":"","_seopress_titles_title":"CRYO-S Mini \u2013 aparat do kriochirurgii - Metrum Cryoflex","_seopress_titles_desc":"CRYO-S Mini to ekonomiczne i skuteczne urz\u0105dzenie do kriochirurgii. Umo\u017cliwia szybkie, miejscowe zamra\u017canie zmian patologicznych z u\u017cyciem sterylizowalnych sond.","_seopress_robots_index":"","inline_featured_image":false,"footnotes":""},"class_list":["post-365","page","type-page","status-publish","hentry"],"acf":[],"_links":{"self":[{"href":"https:\/\/www.metrum.com.pl\/pt\/wp-json\/wp\/v2\/pages\/365","targetHints":{"allow":["GET"]}}],"collection":[{"href":"https:\/\/www.metrum.com.pl\/pt\/wp-json\/wp\/v2\/pages"}],"about":[{"href":"https:\/\/www.metrum.com.pl\/pt\/wp-json\/wp\/v2\/types\/page"}],"author":[{"embeddable":true,"href":"https:\/\/www.metrum.com.pl\/pt\/wp-json\/wp\/v2\/users\/1"}],"replies":[{"embeddable":true,"href":"https:\/\/www.metrum.com.pl\/pt\/wp-json\/wp\/v2\/comments?post=365"}],"version-history":[{"count":1,"href":"https:\/\/www.metrum.com.pl\/pt\/wp-json\/wp\/v2\/pages\/365\/revisions"}],"predecessor-version":[{"id":106319,"href":"https:\/\/www.metrum.com.pl\/pt\/wp-json\/wp\/v2\/pages\/365\/revisions\/106319"}],"up":[{"embeddable":true,"href":"https:\/\/www.metrum.com.pl\/pt\/wp-json\/wp\/v2\/pages\/193"}],"wp:attachment":[{"href":"https:\/\/www.metrum.com.pl\/pt\/wp-json\/wp\/v2\/media?parent=365"}],"curies":[{"name":"wp","href":"https:\/\/api.w.org\/{rel}","templated":true}]}}