{"id":380,"date":"2025-01-04T04:40:54","date_gmt":"2025-01-04T03:40:54","guid":{"rendered":"https:\/\/new.metrum.com.pl\/cryo-s-painless-do-krioanalgezji-w-bolu-pooperacyjnym-copy\/"},"modified":"2025-03-28T10:35:11","modified_gmt":"2025-03-28T09:35:11","slug":"drlux","status":"publish","type":"page","link":"https:\/\/www.metrum.com.pl\/pt\/produtos-medicos\/fisioterapia\/drlux\/","title":{"rendered":"DrLUX"},"content":{"rendered":"","protected":false},"excerpt":{"rendered":"","protected":false},"author":1,"featured_media":0,"parent":260,"menu_order":0,"comment_status":"closed","ping_status":"closed","template":"","meta":{"_acf_changed":false,"_seopress_robots_primary_cat":"","_seopress_titles_title":"DrLUX lampy do fototerapii i na\u015bwietlania - Metrum Cryoflex","_seopress_titles_desc":"DrLUX to nowoczesne urz\u0105dzenie LPL do fototerapii \u015bwiat\u0142em LED. 4 d\u0142ugo\u015bci fali dla regeneracji, leczenia tr\u0105dziku, b\u00f3lu, rumienia i poprawy kondycji sk\u00f3ry.","_seopress_robots_index":"","inline_featured_image":false,"footnotes":""},"class_list":["post-380","page","type-page","status-publish","hentry"],"acf":[],"_links":{"self":[{"href":"https:\/\/www.metrum.com.pl\/pt\/wp-json\/wp\/v2\/pages\/380","targetHints":{"allow":["GET"]}}],"collection":[{"href":"https:\/\/www.metrum.com.pl\/pt\/wp-json\/wp\/v2\/pages"}],"about":[{"href":"https:\/\/www.metrum.com.pl\/pt\/wp-json\/wp\/v2\/types\/page"}],"author":[{"embeddable":true,"href":"https:\/\/www.metrum.com.pl\/pt\/wp-json\/wp\/v2\/users\/1"}],"replies":[{"embeddable":true,"href":"https:\/\/www.metrum.com.pl\/pt\/wp-json\/wp\/v2\/comments?post=380"}],"version-history":[{"count":1,"href":"https:\/\/www.metrum.com.pl\/pt\/wp-json\/wp\/v2\/pages\/380\/revisions"}],"predecessor-version":[{"id":106443,"href":"https:\/\/www.metrum.com.pl\/pt\/wp-json\/wp\/v2\/pages\/380\/revisions\/106443"}],"up":[{"embeddable":true,"href":"https:\/\/www.metrum.com.pl\/pt\/wp-json\/wp\/v2\/pages\/260"}],"wp:attachment":[{"href":"https:\/\/www.metrum.com.pl\/pt\/wp-json\/wp\/v2\/media?parent=380"}],"curies":[{"name":"wp","href":"https:\/\/api.w.org\/{rel}","templated":true}]}}