{"id":501,"date":"2025-02-07T10:15:52","date_gmt":"2025-02-07T09:15:52","guid":{"rendered":"https:\/\/new.metrum.com.pl\/q-master-plus-chirurgia-copy\/"},"modified":"2025-02-07T13:11:24","modified_gmt":"2025-02-07T12:11:24","slug":"scanner-de-veias-por-projecao-v800p","status":"publish","type":"page","link":"https:\/\/www.metrum.com.pl\/pt\/produtos-medicos\/urzadzenia-wspierajace\/scanner-de-veias-por-projecao-v800p\/","title":{"rendered":"Scanner de Veias por Proje\u00e7\u00e3o \u2013 V800P"},"content":{"rendered":"","protected":false},"excerpt":{"rendered":"","protected":false},"author":1,"featured_media":0,"parent":463,"menu_order":0,"comment_status":"closed","ping_status":"closed","template":"","meta":{"_acf_changed":false,"_seopress_robots_primary_cat":"","_seopress_titles_title":"V800P \u2013 Projekcyjny Skaner \u017by\u0142 - Metrum Cryoflex","_seopress_titles_desc":"V800P to projekcyjny skaner \u017cylny, wykorzystuj\u0105cy \u015bwiat\u0142o podczerwone wykrywa \u017cy\u0142y w czasie rzeczywistym. Doskona\u0142y do wykrywania krwawie\u0144, diagnozowania \u017cylak\u00f3w i paj\u0105czk\u00f3w.","_seopress_robots_index":"","inline_featured_image":false,"footnotes":""},"class_list":["post-501","page","type-page","status-publish","hentry"],"acf":[],"_links":{"self":[{"href":"https:\/\/www.metrum.com.pl\/pt\/wp-json\/wp\/v2\/pages\/501","targetHints":{"allow":["GET"]}}],"collection":[{"href":"https:\/\/www.metrum.com.pl\/pt\/wp-json\/wp\/v2\/pages"}],"about":[{"href":"https:\/\/www.metrum.com.pl\/pt\/wp-json\/wp\/v2\/types\/page"}],"author":[{"embeddable":true,"href":"https:\/\/www.metrum.com.pl\/pt\/wp-json\/wp\/v2\/users\/1"}],"replies":[{"embeddable":true,"href":"https:\/\/www.metrum.com.pl\/pt\/wp-json\/wp\/v2\/comments?post=501"}],"version-history":[{"count":0,"href":"https:\/\/www.metrum.com.pl\/pt\/wp-json\/wp\/v2\/pages\/501\/revisions"}],"up":[{"embeddable":true,"href":"https:\/\/www.metrum.com.pl\/pt\/wp-json\/wp\/v2\/pages\/463"}],"wp:attachment":[{"href":"https:\/\/www.metrum.com.pl\/pt\/wp-json\/wp\/v2\/media?parent=501"}],"curies":[{"name":"wp","href":"https:\/\/api.w.org\/{rel}","templated":true}]}}