{"id":584,"date":"2025-02-02T06:06:07","date_gmt":"2025-02-02T05:06:07","guid":{"rendered":"https:\/\/new.metrum.com.pl\/fizjoterapia\/drlux-copy\/"},"modified":"2025-03-28T10:44:43","modified_gmt":"2025-03-28T09:44:43","slug":"cryo-t-elephant-mini","status":"publish","type":"page","link":"https:\/\/www.metrum.com.pl\/pt\/produtos-medicos\/fisioterapia\/cryo-t-elephant-mini\/","title":{"rendered":"CRYO-T Elephant Mini"},"content":{"rendered":"","protected":false},"excerpt":{"rendered":"","protected":false},"author":1,"featured_media":0,"parent":260,"menu_order":0,"comment_status":"closed","ping_status":"closed","template":"","meta":{"_acf_changed":false,"_seopress_robots_primary_cat":"","_seopress_titles_title":"CRYO-T Elephant Mini aparat do krioterapii miejscowej - Metrum Cryoflex","_seopress_titles_desc":"CRYO-T Elephant Mini to kompaktowe i ekonomiczne urz\u0105dzenie do krioterapii miejscowej \u2013 idealne do gabinet\u00f3w rehabilitacji i o\u015brodk\u00f3w SPA.","_seopress_robots_index":"","inline_featured_image":false,"footnotes":""},"class_list":["post-584","page","type-page","status-publish","hentry"],"acf":[],"_links":{"self":[{"href":"https:\/\/www.metrum.com.pl\/pt\/wp-json\/wp\/v2\/pages\/584","targetHints":{"allow":["GET"]}}],"collection":[{"href":"https:\/\/www.metrum.com.pl\/pt\/wp-json\/wp\/v2\/pages"}],"about":[{"href":"https:\/\/www.metrum.com.pl\/pt\/wp-json\/wp\/v2\/types\/page"}],"author":[{"embeddable":true,"href":"https:\/\/www.metrum.com.pl\/pt\/wp-json\/wp\/v2\/users\/1"}],"replies":[{"embeddable":true,"href":"https:\/\/www.metrum.com.pl\/pt\/wp-json\/wp\/v2\/comments?post=584"}],"version-history":[{"count":1,"href":"https:\/\/www.metrum.com.pl\/pt\/wp-json\/wp\/v2\/pages\/584\/revisions"}],"predecessor-version":[{"id":106451,"href":"https:\/\/www.metrum.com.pl\/pt\/wp-json\/wp\/v2\/pages\/584\/revisions\/106451"}],"up":[{"embeddable":true,"href":"https:\/\/www.metrum.com.pl\/pt\/wp-json\/wp\/v2\/pages\/260"}],"wp:attachment":[{"href":"https:\/\/www.metrum.com.pl\/pt\/wp-json\/wp\/v2\/media?parent=584"}],"curies":[{"name":"wp","href":"https:\/\/api.w.org\/{rel}","templated":true}]}}