{"id":81764,"date":"2025-02-19T21:48:03","date_gmt":"2025-02-19T20:48:03","guid":{"rendered":"https:\/\/new.metrum.com.pl\/?page_id=81764"},"modified":"2025-02-19T22:14:47","modified_gmt":"2025-02-19T21:14:47","slug":"sondas","status":"publish","type":"page","link":"https:\/\/www.metrum.com.pl\/pt\/produtos-medicos\/sondas\/","title":{"rendered":"Sondas"},"content":{"rendered":"","protected":false},"excerpt":{"rendered":"","protected":false},"author":1,"featured_media":0,"parent":622,"menu_order":0,"comment_status":"closed","ping_status":"closed","template":"","meta":{"_acf_changed":false,"_seopress_robots_primary_cat":"","_seopress_titles_title":"Sondy do Kriochirurgii jednorazowe i wielokrotnego u\u017cytku - Metrum Cryoflex","_seopress_titles_desc":"Oferujemy jednorazowe i wielokrotnego u\u017cytku kriosondy, \u0142atwe do sterylizacji. Doskona\u0142e do aparat\u00f3w Cryo-S, zapewniaj\u0105ce zamra\u017canie i szybkie rozmra\u017canie.","_seopress_robots_index":"","inline_featured_image":false,"footnotes":""},"class_list":["post-81764","page","type-page","status-publish","hentry"],"acf":[],"_links":{"self":[{"href":"https:\/\/www.metrum.com.pl\/pt\/wp-json\/wp\/v2\/pages\/81764","targetHints":{"allow":["GET"]}}],"collection":[{"href":"https:\/\/www.metrum.com.pl\/pt\/wp-json\/wp\/v2\/pages"}],"about":[{"href":"https:\/\/www.metrum.com.pl\/pt\/wp-json\/wp\/v2\/types\/page"}],"author":[{"embeddable":true,"href":"https:\/\/www.metrum.com.pl\/pt\/wp-json\/wp\/v2\/users\/1"}],"replies":[{"embeddable":true,"href":"https:\/\/www.metrum.com.pl\/pt\/wp-json\/wp\/v2\/comments?post=81764"}],"version-history":[{"count":0,"href":"https:\/\/www.metrum.com.pl\/pt\/wp-json\/wp\/v2\/pages\/81764\/revisions"}],"up":[{"embeddable":true,"href":"https:\/\/www.metrum.com.pl\/pt\/wp-json\/wp\/v2\/pages\/622"}],"wp:attachment":[{"href":"https:\/\/www.metrum.com.pl\/pt\/wp-json\/wp\/v2\/media?parent=81764"}],"curies":[{"name":"wp","href":"https:\/\/api.w.org\/{rel}","templated":true}]}}